{"id":150,"date":"2020-06-15T14:51:15","date_gmt":"2020-06-15T12:51:15","guid":{"rendered":"https:\/\/new.pension-anna.cz\/?page_id=150"},"modified":"2020-09-29T20:14:42","modified_gmt":"2020-09-29T18:14:42","slug":"unterkunftangebot","status":"publish","type":"page","link":"https:\/\/new.pension-anna.cz\/index.php\/de\/unterkunftangebot\/","title":{"rendered":"Unterkunftangebot"},"content":{"rendered":"\n<p>Die Pension Anna bietet Ihnen Unterkunft in acht Doppelzimmern, mit der M\u00f6glichkeit jeweils bis zu zwei Zustellbetten aufzustellen. Alle Zimmer sind mit Dusche, Toilette,der F\u00f6n, Satellitenfernseher, K\u00fchlschrank und Safe ausgestattet. Im Preis ist Fr\u00fchst\u00fcck inbegriffen. Ganzj\u00e4hrig stehen Ihnen Parkpl\u00e4tze direkt vor der Pension zur Verf\u00fcgung.Unsere G\u00e4ste k\u00f6nnen den Ski-Raum mit dem Schuhtrockner benutzen, im Sommer es dient als der Raum f\u00fcr Fahrr\u00e4der\u00a0und Kinderwagen. F\u00fcr unsere G\u00e4ste haben wir auch eine kleine K\u00fcche mit Essbereich, Wasserkocher, Mikrowelle, Essgeschirr und Besteck. Im Sommer bieten wir komfortable Sitzgelegenheiten auf der Terrasse mit Garten,\u00a0die Nutzung der Relaxliegen, Trampolin und Sandkasten. \u00a0<\/p>\n\n\n\n<figure class=\"wp-block-image\" id=\"block-6b84905d-10e1-4bd8-83de-329b57ffb0ce\"><img src=\"https:\/\/new.pension-anna.cz\/wp-content\/uploads\/2020\/09\/VE0T9928-1024x683.jpg\" alt=\"Tento obr\u00e1zek nem\u00e1 vypln\u011bn\u00fd atribut alt; n\u00e1zev souboru je VE0T9928-1024x683.jpg.\"\/><\/figure>\n\n\n\n<figure class=\"wp-block-image\" id=\"block-2c83d976-bb3a-433a-ba14-2fe05053f13c\"><img src=\"https:\/\/new.pension-anna.cz\/wp-content\/uploads\/2020\/09\/DSC_7346-1024x685.jpg\" alt=\"Tento obr\u00e1zek nem\u00e1 vypln\u011bn\u00fd atribut alt; n\u00e1zev souboru je DSC_7346-1024x685.jpg.\"\/><\/figure>\n\n\n\n<figure class=\"wp-block-image\" id=\"block-0c090c80-6d11-4e0b-9bb1-68dcf493c14f\"><img src=\"https:\/\/new.pension-anna.cz\/wp-content\/uploads\/2020\/09\/DSC_7341-1024x685.jpg\" alt=\"Tento obr\u00e1zek nem\u00e1 vypln\u011bn\u00fd atribut alt; n\u00e1zev souboru je DSC_7341-1024x685.jpg.\"\/><\/figure>\n\n\n\n<figure class=\"wp-block-image\" id=\"block-3a67ff05-832d-45fc-a71f-8bb7958f12b9\"><img src=\"https:\/\/new.pension-anna.cz\/wp-content\/uploads\/2020\/09\/DSC_7331-1024x685.jpg\" alt=\"Tento obr\u00e1zek nem\u00e1 vypln\u011bn\u00fd atribut alt; n\u00e1zev souboru je DSC_7331-1024x685.jpg.\"\/><\/figure>\n\n\n\n<figure class=\"wp-block-image\" id=\"block-a9604241-b8c5-42b6-9872-ce78aab2a562\"><img src=\"https:\/\/new.pension-anna.cz\/wp-content\/uploads\/2020\/09\/VE0T9915-798x1024.jpg\" alt=\"Tento obr\u00e1zek nem\u00e1 vypln\u011bn\u00fd atribut alt; n\u00e1zev souboru je VE0T9915-798x1024.jpg.\"\/><\/figure>\n\n\n\n<figure class=\"wp-block-image\" id=\"block-dca7d700-7daa-46bf-a56b-5003f67d2a39\"><img src=\"https:\/\/new.pension-anna.cz\/wp-content\/uploads\/2020\/09\/DSC_7352-1024x683.jpg\" alt=\"Tento obr\u00e1zek nem\u00e1 vypln\u011bn\u00fd atribut alt; n\u00e1zev souboru je DSC_7352-1024x683.jpg.\"\/><\/figure>\n\n\n\n<figure class=\"wp-block-image\" id=\"block-0fce3ba6-14c2-4674-bcc7-8d5d89b0fc1c\"><img src=\"https:\/\/new.pension-anna.cz\/wp-content\/uploads\/2020\/09\/DSC_7358-1024x685.jpg\" alt=\"Tento obr\u00e1zek nem\u00e1 vypln\u011bn\u00fd atribut alt; n\u00e1zev souboru je DSC_7358-1024x685.jpg.\"\/><\/figure>\n\n\n\n<figure class=\"wp-block-image\" id=\"block-bf207580-50b0-46a5-8ace-a17a31f78a15\"><img src=\"https:\/\/new.pension-anna.cz\/wp-content\/uploads\/2020\/09\/DSC_7379-1024x685.jpg\" alt=\"Tento obr\u00e1zek nem\u00e1 vypln\u011bn\u00fd atribut alt; n\u00e1zev souboru je DSC_7379-1024x685.jpg.\"\/><\/figure>\n\n\n\n<figure class=\"wp-block-image\" id=\"block-66417fef-b9ae-49c4-befc-6dffedcbe665\"><img src=\"https:\/\/new.pension-anna.cz\/wp-content\/uploads\/2020\/09\/DSC_7384-1024x685.jpg\" alt=\"Tento obr\u00e1zek nem\u00e1 vypln\u011bn\u00fd atribut alt; n\u00e1zev souboru je DSC_7384-1024x685.jpg.\"\/><\/figure>\n\n\n\n<figure class=\"wp-block-image\" id=\"block-ed9adfe8-1765-4456-ab80-160e249063a6\"><img src=\"https:\/\/new.pension-anna.cz\/wp-content\/uploads\/2020\/09\/DSC_7393-1024x685.jpg\" alt=\"Tento obr\u00e1zek nem\u00e1 vypln\u011bn\u00fd atribut alt; n\u00e1zev souboru je DSC_7393-1024x685.jpg.\"\/><figcaption><img src=\"https:\/\/new.pension-anna.cz\/wp-content\/uploads\/2020\/09\/VE0T9818-1024x677.jpg\" alt=\"Tento obr\u00e1zek nem\u00e1 vypln\u011bn\u00fd atribut alt; n\u00e1zev souboru je VE0T9818-1024x677.jpg.\"><\/figcaption><\/figure>\n\n\n\n<figure class=\"wp-block-image\" id=\"block-d43cb789-e62d-40c1-94ea-636035511b6b\"><img src=\"https:\/\/new.pension-anna.cz\/wp-content\/uploads\/2020\/09\/VE0T9823-683x1024.jpg\" alt=\"Tento obr\u00e1zek nem\u00e1 vypln\u011bn\u00fd atribut alt; n\u00e1zev souboru je VE0T9823-683x1024.jpg.\"\/><\/figure>\n\n\n\n<figure class=\"wp-block-image\" id=\"block-11867841-885b-4f0d-989d-4406171e93aa\"><img src=\"https:\/\/new.pension-anna.cz\/wp-content\/uploads\/2020\/09\/VE0T9824-1024x683.jpg\" alt=\"Tento obr\u00e1zek nem\u00e1 vypln\u011bn\u00fd atribut alt; n\u00e1zev souboru je VE0T9824-1024x683.jpg.\"\/><\/figure>\n\n\n\n<figure class=\"wp-block-image\" id=\"block-9c097e03-cc05-4b3f-998b-fd43e6a511ca\"><img src=\"https:\/\/new.pension-anna.cz\/wp-content\/uploads\/2020\/09\/VE0T9858-1024x683.jpg\" alt=\"Tento obr\u00e1zek nem\u00e1 vypln\u011bn\u00fd atribut alt; n\u00e1zev souboru je VE0T9858-1024x683.jpg.\"\/><\/figure>\n\n\n\n<figure class=\"wp-block-image\" id=\"block-61407798-8a62-43df-8143-d2b4cba97e45\"><img src=\"https:\/\/new.pension-anna.cz\/wp-content\/uploads\/2020\/09\/DSC_7408-1024x685.jpg\" alt=\"Tento obr\u00e1zek nem\u00e1 vypln\u011bn\u00fd atribut alt; n\u00e1zev souboru je DSC_7408-1024x685.jpg.\"\/><\/figure>\n\n\n\n<figure class=\"wp-block-image\" id=\"block-49506069-d92e-4f49-8a72-221ecf48511e\"><img src=\"https:\/\/new.pension-anna.cz\/wp-content\/uploads\/2020\/09\/DSC_7413-1024x685.jpg\" alt=\"Tento obr\u00e1zek nem\u00e1 vypln\u011bn\u00fd atribut alt; n\u00e1zev souboru je DSC_7413-1024x685.jpg.\"\/><\/figure>\n\n\n\n<figure class=\"wp-block-image\" id=\"block-227727f9-67e1-4594-983b-c83bfcfc87b3\"><img src=\"https:\/\/new.pension-anna.cz\/wp-content\/uploads\/2020\/09\/VE0T9941-1024x683.jpg\" alt=\"Tento obr\u00e1zek nem\u00e1 vypln\u011bn\u00fd atribut alt; n\u00e1zev souboru je VE0T9941-1024x683.jpg.\"\/><\/figure>\n","protected":false},"excerpt":{"rendered":"<p>Die Pension Anna bietet Ihnen Unterkunft in acht Doppelzimmern, mit der M\u00f6glichkeit jeweils bis zu zwei Zustellbetten aufzustellen. Alle Zimmer sind mit Dusche, Toilette,der F\u00f6n, Satellitenfernseher, K\u00fchlschrank und Safe ausgestattet. Im Preis ist Fr\u00fchst\u00fcck inbegriffen. Ganzj\u00e4hrig stehen Ihnen Parkpl\u00e4tze direkt vor der Pension zur Verf\u00fcgung.Unsere G\u00e4ste k\u00f6nnen den Ski-Raum mit dem Schuhtrockner benutzen, im Sommer &hellip; <\/p>\n<p class=\"link-more\"><a href=\"https:\/\/new.pension-anna.cz\/index.php\/de\/unterkunftangebot\/\" class=\"more-link\">Pokra\u010dovat ve \u010dten\u00ed<span class=\"screen-reader-text\"> &#8222;Unterkunftangebot&#8220;<\/span><\/a><\/p>\n","protected":false},"author":1,"featured_media":0,"parent":0,"menu_order":0,"comment_status":"closed","ping_status":"closed","template":"","meta":[],"_links":{"self":[{"href":"https:\/\/new.pension-anna.cz\/index.php\/wp-json\/wp\/v2\/pages\/150"}],"collection":[{"href":"https:\/\/new.pension-anna.cz\/index.php\/wp-json\/wp\/v2\/pages"}],"about":[{"href":"https:\/\/new.pension-anna.cz\/index.php\/wp-json\/wp\/v2\/types\/page"}],"author":[{"embeddable":true,"href":"https:\/\/new.pension-anna.cz\/index.php\/wp-json\/wp\/v2\/users\/1"}],"replies":[{"embeddable":true,"href":"https:\/\/new.pension-anna.cz\/index.php\/wp-json\/wp\/v2\/comments?post=150"}],"version-history":[{"count":3,"href":"https:\/\/new.pension-anna.cz\/index.php\/wp-json\/wp\/v2\/pages\/150\/revisions"}],"predecessor-version":[{"id":361,"href":"https:\/\/new.pension-anna.cz\/index.php\/wp-json\/wp\/v2\/pages\/150\/revisions\/361"}],"wp:attachment":[{"href":"https:\/\/new.pension-anna.cz\/index.php\/wp-json\/wp\/v2\/media?parent=150"}],"curies":[{"name":"wp","href":"https:\/\/api.w.org\/{rel}","templated":true}]}}