{"id":158,"date":"2020-06-15T14:56:42","date_gmt":"2020-06-15T12:56:42","guid":{"rendered":"https:\/\/new.pension-anna.cz\/?page_id=158"},"modified":"2023-10-30T08:53:11","modified_gmt":"2023-10-30T07:53:11","slug":"photogalerie","status":"publish","type":"page","link":"https:\/\/new.pension-anna.cz\/index.php\/de\/photogalerie\/","title":{"rendered":"Photogalerie"},"content":{"rendered":"\n<figure class=\"wp-block-image\" id=\"block-84054132-3cef-4f0e-a353-ecd2a7692a06\"><img src=\"https:\/\/new.pension-anna.cz\/wp-content\/uploads\/2020\/09\/VE0T3509-1024x683.jpg\" alt=\"Tento obr\u00e1zek nem\u00e1 vypln\u011bn\u00fd atribut alt; n\u00e1zev souboru je VE0T3509-1024x683.jpg.\"\/><\/figure>\n\n\n\n<figure class=\"wp-block-image\" id=\"block-fb3e6fc4-3190-41b5-b7db-adee3c3cd4a4\"><img src=\"https:\/\/new.pension-anna.cz\/wp-content\/uploads\/2020\/09\/VE0T3486-1024x683.jpg\" alt=\"Tento obr\u00e1zek nem\u00e1 vypln\u011bn\u00fd atribut alt; n\u00e1zev souboru je VE0T3486-1024x683.jpg.\"\/><\/figure>\n\n\n\n<figure class=\"wp-block-image\" id=\"block-f52d523c-30af-489d-a39e-68e8edaf58b0\"><img src=\"https:\/\/new.pension-anna.cz\/wp-content\/uploads\/2020\/09\/PICT0970-757x1024.jpg\" alt=\"Tento obr\u00e1zek nem\u00e1 vypln\u011bn\u00fd atribut alt; n\u00e1zev souboru je PICT0970-757x1024.jpg.\"\/><\/figure>\n\n\n\n<figure class=\"wp-block-image\" id=\"block-707fedbf-21c8-44d1-a59c-da9440d1db40\"><img src=\"https:\/\/new.pension-anna.cz\/wp-content\/uploads\/2020\/09\/VE0T3495-1024x683.jpg\" alt=\"Tento obr\u00e1zek nem\u00e1 vypln\u011bn\u00fd atribut alt; n\u00e1zev souboru je VE0T3495-1024x683.jpg.\"\/><\/figure>\n\n\n\n<figure class=\"wp-block-image\" id=\"block-6bbce518-c3b1-40a8-b133-881b4db29ab3\"><img src=\"https:\/\/new.pension-anna.cz\/wp-content\/uploads\/2020\/09\/pohledven-1.jpg\" alt=\"Tento obr\u00e1zek nem\u00e1 vypln\u011bn\u00fd atribut alt; n\u00e1zev souboru je pohledven-1.jpg.\"\/><\/figure>\n\n\n\n<figure class=\"wp-block-image\" id=\"block-fe7a47f0-fd64-4467-9c1b-b49b5bfde272\"><img src=\"https:\/\/new.pension-anna.cz\/wp-content\/uploads\/2020\/09\/VE0T9180-3-683x1024.jpg\" alt=\"Tento obr\u00e1zek nem\u00e1 vypln\u011bn\u00fd atribut alt; n\u00e1zev souboru je VE0T9180-3-683x1024.jpg.\"\/><\/figure>\n\n\n\n<figure class=\"wp-block-image\" id=\"block-37dc50fd-f182-4fe1-885c-8cf1182c2e74\"><img src=\"https:\/\/new.pension-anna.cz\/wp-content\/uploads\/2020\/09\/DSCF0232-1024x768.jpg\" alt=\"Tento obr\u00e1zek nem\u00e1 vypln\u011bn\u00fd atribut alt; n\u00e1zev souboru je DSCF0232-1024x768.jpg.\"\/><\/figure>\n\n\n\n<figure class=\"wp-block-image\" id=\"block-c5d66793-2b69-4807-add2-aae182ce4c75\"><img src=\"https:\/\/new.pension-anna.cz\/wp-content\/uploads\/2020\/09\/DSCF0252-1024x768.jpg\" alt=\"Tento obr\u00e1zek nem\u00e1 vypln\u011bn\u00fd atribut alt; n\u00e1zev souboru je DSCF0252-1024x768.jpg.\"\/><\/figure>\n\n\n\n<figure class=\"wp-block-image\" id=\"block-042021a4-daeb-4eba-9ae3-bc305b78e49a\"><img src=\"https:\/\/new.pension-anna.cz\/wp-content\/uploads\/2020\/09\/VE0T9776-1024x683.jpg\" alt=\"Tento obr\u00e1zek nem\u00e1 vypln\u011bn\u00fd atribut alt; n\u00e1zev souboru je VE0T9776-1024x683.jpg.\"\/><\/figure>\n\n\n\n<figure class=\"wp-block-image\" id=\"block-13c19355-13c0-4b0c-8d6b-c2c6ce5680df\"><img src=\"https:\/\/new.pension-anna.cz\/wp-content\/uploads\/2020\/09\/VE0T0302-4-1024x683.jpg\" alt=\"Tento obr\u00e1zek nem\u00e1 vypln\u011bn\u00fd atribut alt; n\u00e1zev souboru je VE0T0302-4-1024x683.jpg.\"\/><\/figure>\n\n\n\n<figure class=\"wp-block-image\" id=\"block-97fa51f4-13ff-480f-bd55-3887a6aae371\"><img src=\"https:\/\/new.pension-anna.cz\/wp-content\/uploads\/2020\/09\/VE0T9995-1024x671.jpg\" alt=\"Tento obr\u00e1zek nem\u00e1 vypln\u011bn\u00fd atribut alt; n\u00e1zev souboru je VE0T9995-1024x671.jpg.\"\/><\/figure>\n\n\n\n<figure class=\"wp-block-image\" id=\"block-a24e2e87-ad3d-4ec0-8195-1b611ab15179\"><img src=\"https:\/\/new.pension-anna.cz\/wp-content\/uploads\/2020\/09\/VE0T9966-1024x683.jpg\" alt=\"Tento obr\u00e1zek nem\u00e1 vypln\u011bn\u00fd atribut alt; n\u00e1zev souboru je VE0T9966-1024x683.jpg.\"\/><\/figure>\n\n\n\n<figure class=\"wp-block-image\" id=\"block-ae3a62ef-a7a9-4d73-a914-d959f6b0d8c1\"><img src=\"https:\/\/new.pension-anna.cz\/wp-content\/uploads\/2020\/09\/anna.jpg\" alt=\"Tento obr\u00e1zek nem\u00e1 vypln\u011bn\u00fd atribut alt; n\u00e1zev souboru je anna.jpg.\"\/><\/figure>\n\n\n\n<figure class=\"wp-block-image\" id=\"block-30ba80e5-3756-4c96-8004-55aa63706b61\"><img src=\"https:\/\/new.pension-anna.cz\/wp-content\/uploads\/2020\/09\/annapanorama.jpg\" alt=\"Tento obr\u00e1zek nem\u00e1 vypln\u011bn\u00fd atribut alt; n\u00e1zev souboru je annapanorama.jpg.\"\/><\/figure>\n\n\n\n<figure class=\"wp-block-image\" id=\"block-1e574c70-6367-44a0-b961-064a54dd58ab\"><img src=\"https:\/\/new.pension-anna.cz\/wp-content\/uploads\/2020\/09\/DSCF0250-1024x768.jpg\" alt=\"Tento obr\u00e1zek nem\u00e1 vypln\u011bn\u00fd atribut alt; n\u00e1zev souboru je DSCF0250-1024x768.jpg.\"\/><\/figure>\n\n\n\n<figure class=\"wp-block-image\" id=\"block-9493c7a7-260a-4bfc-927a-d12d114c750b\"><img src=\"https:\/\/new.pension-anna.cz\/wp-content\/uploads\/2020\/09\/DSCF0247-1024x768.jpg\" alt=\"Tento obr\u00e1zek nem\u00e1 vypln\u011bn\u00fd atribut alt; n\u00e1zev souboru je DSCF0247-1024x768.jpg.\"\/><\/figure>\n\n\n\n<figure class=\"wp-block-image\" id=\"block-426912c7-8e6e-413a-8b06-fc5fad8764be\"><img src=\"https:\/\/new.pension-anna.cz\/wp-content\/uploads\/2020\/09\/DSCF0221-1024x768.jpg\" alt=\"Tento obr\u00e1zek nem\u00e1 vypln\u011bn\u00fd atribut alt; n\u00e1zev souboru je DSCF0221-1024x768.jpg.\"\/><\/figure>\n","protected":false},"excerpt":{"rendered":"","protected":false},"author":1,"featured_media":0,"parent":0,"menu_order":0,"comment_status":"closed","ping_status":"closed","template":"","meta":[],"_links":{"self":[{"href":"https:\/\/new.pension-anna.cz\/index.php\/wp-json\/wp\/v2\/pages\/158"}],"collection":[{"href":"https:\/\/new.pension-anna.cz\/index.php\/wp-json\/wp\/v2\/pages"}],"about":[{"href":"https:\/\/new.pension-anna.cz\/index.php\/wp-json\/wp\/v2\/types\/page"}],"author":[{"embeddable":true,"href":"https:\/\/new.pension-anna.cz\/index.php\/wp-json\/wp\/v2\/users\/1"}],"replies":[{"embeddable":true,"href":"https:\/\/new.pension-anna.cz\/index.php\/wp-json\/wp\/v2\/comments?post=158"}],"version-history":[{"count":4,"href":"https:\/\/new.pension-anna.cz\/index.php\/wp-json\/wp\/v2\/pages\/158\/revisions"}],"predecessor-version":[{"id":498,"href":"https:\/\/new.pension-anna.cz\/index.php\/wp-json\/wp\/v2\/pages\/158\/revisions\/498"}],"wp:attachment":[{"href":"https:\/\/new.pension-anna.cz\/index.php\/wp-json\/wp\/v2\/media?parent=158"}],"curies":[{"name":"wp","href":"https:\/\/api.w.org\/{rel}","templated":true}]}}