{"id":160,"date":"2020-06-15T14:58:05","date_gmt":"2020-06-15T12:58:05","guid":{"rendered":"https:\/\/new.pension-anna.cz\/?page_id=160"},"modified":"2020-09-29T18:57:48","modified_gmt":"2020-09-29T16:57:48","slug":"riesengebirge-und-umgebung","status":"publish","type":"page","link":"https:\/\/new.pension-anna.cz\/index.php\/de\/riesengebirge-und-umgebung\/","title":{"rendered":"Riesengebirge und Umgebung"},"content":{"rendered":"\n<figure class=\"wp-block-image size-large\"><img loading=\"lazy\" width=\"1024\" height=\"683\" src=\"https:\/\/new.pension-anna.cz\/wp-content\/uploads\/2020\/09\/VE0T0302-2-1024x683.jpg\" alt=\"\" class=\"wp-image-280\" srcset=\"https:\/\/new.pension-anna.cz\/wp-content\/uploads\/2020\/09\/VE0T0302-2-1024x683.jpg 1024w, https:\/\/new.pension-anna.cz\/wp-content\/uploads\/2020\/09\/VE0T0302-2-300x200.jpg 300w, https:\/\/new.pension-anna.cz\/wp-content\/uploads\/2020\/09\/VE0T0302-2-768x512.jpg 768w, https:\/\/new.pension-anna.cz\/wp-content\/uploads\/2020\/09\/VE0T0302-2-1536x1024.jpg 1536w, https:\/\/new.pension-anna.cz\/wp-content\/uploads\/2020\/09\/VE0T0302-2-2048x1365.jpg 2048w\" sizes=\"(max-width: 767px) 89vw, (max-width: 1000px) 54vw, (max-width: 1071px) 543px, 580px\" \/><\/figure>\n\n\n\n<p><strong>SPINDLERUV MLYN (SPINDLM\u00dcHLLE) &#8211; DIE PERLE VOM RIESENGEBIRGE<\/strong><\/p>\n\n\n\n<figure class=\"wp-block-table\"><table><tbody><tr><td><strong>BIETET IHNEN IM SOMMER AN<\/strong><br><br>180 km Wander- und H\u00f6henwege<br>Natur lehrpfade<br>Sesselbahnen<br>gef\u00fchrte Wanderungen<br>10 Tennispl\u00e4tze<br>Sommerrodelbahn<br>Summertubing<br>Jogging, Fischen<br>Minigolfpl\u00e4tze<br>Mountainbiketouren<br>Fahrradverleih<br>Reitm\u00f6glichkeiten<br>Gleitschirmfliegen<br>Bootsverleih<br>Kutschenfahrten<br>Ausflugsfahrten<br>Platzkonzerte, Ausstellungen<br>Kinderspielpl\u00e4tze<br>Seilpark<br>Aquapark<br>Pools und Wellness<\/td><td><strong>BIETET IHNEN IM WINTER AN<\/strong><br><br>Sesselbahnen und 20 Schlepplifte<br>Skischulen<br>Ski-Kinderg\u00e4rten<br>25 km Skiabfahrten<br>70 km Langlaufloipen<br>130 km Skiwanderloipen<br>Ski-Alpinning<br>Winter wanderwege<br>Skiservice und Skivereih<br>Snowtubing<br>Snowboardpark<br>4 km Rodelbahn<br>Pferdeschlitten<br>Eislaufen<br>Pools und Wellness<br>Aquapark <br>Schneemobilverleih<br>Tennishallen<\/td><\/tr><tr><td><\/td><td><\/td><\/tr><\/tbody><\/table><figcaption>Das Zentrum von \u0160pindler\u016fv Ml\u00fdn liegt am Zusammenfluss des Flusses Elbe und des Bachs Dolsk\u00fd. Die Stadt ist von allen Seiten durch die Gebirgsketten Koz\u00ed H\u0159bety, Pl\u00e1\u0148 und Krkono\u0161 mit dem Gipfel Medv\u011bd\u00edn gesch\u00fctzt.<strong><br><\/strong><br>Das Riesengebirge bildete mit seinen tiefen W\u00e4ldern einen Teil des Tschechischen K\u00f6nigreiches. Vom Neolit wurde es von den slawischen St\u00e4mmen besiedelt. Schon im Jahre 1241 gr\u00fcndeten die Benediktiner die Popstei in Vrchlab\u00ed. \u00dcber die Ketten f\u00fchrten zwei wichtige Handelswege. Die Entdeckung der Erze und der Edelsteine im 16. Jahrhundert lockte viele Ausl\u00e4nder an &#8211; es entstand auch die Legende \u00fcber R\u00fcbezahl. Der Bergbau brachte hierher auch den Bergspezialisten Kry\u0161tof von Grendorf, der von Habsburgen unterst\u00fctzt wurde, der jas ganze Riesengebirge &#8211; Gebiet beherrschte. Statt der alten Festung baute er sich in Vrchlab\u00ed im Jahre 1548 das Schloss mit vier Eckt\u00fcrmen, das uns bekannt ist. Er begann f\u00fcr die Gruben die W\u00e4lder abzuholzen, dann versorgte er mit dem Holz auch die Gruben in Kutn\u00e1 Hora. Mit dem Bergbau verbreitete sich auch das Glash\u00fcttenwesen &#8211; bis heute die weltbekannte Glasfabrik in Harrachov. Mit dem Bergbauniedergang entwickelte sich auf den abgeholzten Kahlfl\u00e4cken die S\u00e4nnerei (die Baudenwirtschaft), es entstanden Lu\u010dn\u00ed &#8211; Baude, Martinovka und die Br\u00e1dler-Bauden. Nach dem 30-J\u00e4hrigen Krieg herrschte hier Albrecht von Vald\u0161tejn, nach seiner Ermordung die Morziner.Die h\u00f6chste Tat der Gegenreformation war der Bau und die Einweihung der St. Vav\u0159inec &#8211; Kapelle auf Sn\u011b\u017eka (die Schneekoppe) im Jahre 1681 und die Einweihung der Elbe-Quelle im Jahre 1684. Die Grenzen an Schlesien wurden hergerichtet, den westlichen Teil beherrschte der tschechische Graf Harrach.<br><br>Am Beginn des 18. Jahrhunderts zeigte sich das Anstreben um die Auferweckung der Gruben. In St. Petr arbeiteten bis 50 Bergarbeiter, die sich beim M\u00fcller Spindler trafen. Es wurde der Bau der St. Petr &#8211; Kirche, des Sch\u00fctzers aller Bergleute und H\u00fcttenarbeiter, durchgesetzt und im Jahre 1793 wurde sie eingeweiht, und die Stadt \u0160pindler\u016fv Ml\u00fdn (Spindlm\u00fclle) wurde gegr\u00fcndet. Die M\u00fclle ist selbst wegen verschiedener Transportschwierigkeiten sp\u00e4t eingegangen und die Gruben beendeten auch ihre T\u00e4tigkeit. Die Menschen \u00fcbersiedelten langsam in die Berge und es entstanden die Bauden, wie \u0160pindlerovka, Petrovka, Davidova, Pudlova, alte Erlebach und Renner-Bauden und weitere. Sie wurden f\u00fcr die Bewohnung durch das ganze Jahr umgebaut und man begann Weberei zu treiben. Nach der Abschaffung der Leibeigenschaft wurden aus den Bewohnern die P\u00e4chter und die Sch\u00e4fer, sie trieben Vieh und Ziegenzucht. Als man mit der systematischen Erneuerung der Waldbest\u00e4nde begann, bekam die Baudenwirtschaft strenge Regeln. Die neue moderne Welle der R\u00fcckkehr zu der Natur (J.J.Rousseau) brachte ins Gebirge erste Besucher, zuerst die reiche Schicht der Gesellschaft, sp\u00e4ter auch die breiteren Volksschichten. Aus den Bauden wurden langsam bekannte Gasth\u00e4user, mit den W\u00e4ldern verbreitete sich auch das Jagtwesen.<br>Im Winter wurden die Fahrten vom Schlesienjoch nach Kowar, sp\u00e4ter auch nach \u0160pindler\u016fv Ml\u00fdn bekannt, es waren die Fahrten auf den Rodeln mit H\u00f6rnern. Eine Idee von Graf Harrach, die Heger mit den Skiern aus Norwegen auzustatten, stellte die Grundlagen des Skisportes im Riesengebirge. Schlieslich nahmen die Einheimischen die Herstellung der Skier mit Ehre in ihre eigene H\u00e4nde und die &#8222;Eschenbrettel&#8220; wurden ein Teil des Lebens der Bergler. Die Sportvereine wurden gegr\u00fcndet und die Wettk\u00e4mpfe wurden organisiert. Der bekannteste Wettkampf, aber mit tragischem Ende f\u00fcr den L\u00e4ufer B. HAN\u010c und seinen Freund VRBATA, fand im M\u00e4rz 1913 statt. Der Grabh\u00fcgel zum Andenken ihrer Mut und Freundschaft steht in der N\u00e4he des Platzes, wo sich die Trag\u00f6die abspielte, auf Krakono\u0161 bei der Vrbata &#8211; Baude. Nach dem Niedergang der Baudenwirtschaft begannen die Bauden dem Tourismus zu dienen. Als Schutz vor den \u00dcberschwemmungen wurde eine Talsperre an der Elbe bei \u0160pindler\u016fv Ml\u00fdn im Jahre 1914 gebaut. Nach der Entstehung der Tschechischen Republik nach dem ersten Krieg wolle sich die deutsche Bourgeoisie separieren, aber das Grenzgebiet wurde von der tschechischen Armee besetzt, die W\u00e4lder wurden verstaatlicht und der Klub der tschechischen Touristen setzte ins Riesengebirge Tschechisches Element durch. Mit der Drohung des Faschismus begann man mit der Bau der kleinen Verteidigungsfestungen auf dem Grenzkamm, und aus diesem Grund wurde die Bergstrasse: Hraba\u010dov bei Jilemnice &#8211; Krkono\u0161 bei Vrbata &#8211; Baude (1400 M \u00fc.M.) im Jahre 1936 gebaut, welche jetzt im Sommer dem Pendelverkehr dient.<br><br><strong>Im Sommer <\/strong>laden die stillen T\u00e4ller und sch\u00f6ne Blicke von K\u00e4mmen von Pomez\u00ed &#8211; Bauden bis zu Harrachov zu den Ausfl\u00fcgen ein. Das Riesengebirge ist von Markierten touristischen Trassen durch\u00e4dert, die f\u00fcr alle Alterskategorien geeignet sind. Zu einigen Gipfeln fahren die Sesselbahnen, die den Blick auf das Gebirge auch den weniger t\u00fcchtigen Touristen erm\u00f6glicht. Die beliebtesten sind die Ausfl\u00fcge zu der Quelle des Flusses Elbe, der in deutschem Hamburg m\u00fcndet, aber auch auf den h\u00f6chsten Berg der Tschechischen Republik &#8211; auf Sn\u011b\u017eka (Schneekoppe &#8211; 1602 M.\u00fc.M.). \u0160pindler\u016fv Ml\u00fdn bietet ausser den Gastst\u00e4tten, Weinstuben und Bars auch die Tanzabende und Diskos, Hotelschwimmb\u00e4der, Tennispl\u00e4tze, Fittneszentren, Saunas, Kegelspiele, Squash, Schiessen, aber auf dem Stausee auch Boote und Fischen. Es gibt hier auch grosse Parkpl\u00e4tze, Taxi, Pferdegespann, Fahrr\u00e4derverleih.<br><br><strong>Wintersaison<\/strong> in \u0160pindler\u016fv Ml\u00fdn dauert meistens ab Dezember bis April. \u0160pindler\u016fv Ml\u00fdn hat sein spezifisches Klima. Die Pisten sind t\u00e4glich hergerichtet und in St. Petr und Medv\u011bd\u00edn k\u00fcnstlich verschneit, geeignet f\u00fcr Fortgestrittene, Anf\u00e4nger und Kinder. Ski-Schulen bieten den Unterricht an, die Verleihe und Gesch\u00e4fte bieten ganze Sportausr\u00fcstung. Es werden hier die internationalen Wettbewerbe organisiert. Die Verbindung zwischen St. Petr und Medv\u011bd\u00edn gew\u00e4hrleisten die Ski-Buse. Die Umgebung von \u0160pindler\u016fv Ml\u00fdn bietet Terrains f\u00fcr Wintertouristik und Langlauf ohne Alters &#8211; und K\u00f6nnenunterschiede. Ausser den Markierten Trassen werden auch die Langlaufspuren werschiedener L\u00e4nge hergerichtet. Im Betrieb sind auch Sesselbahnen und Skilifte. Auch im Winter k\u00f6nnen die Besucher in den Hotels in den Schwimmb\u00e4dern schwimmen, in der Halle Tennis spielen, Kegel, Tischtennis, Squasch, Billard spielen. Ausser Disco werden auch Konzerte, Tanzabende, Filmvorstellungen veranstaltet, es gastiert hier auch Buntes Theater aus Prag. Zur Verf\u00fcgung stehen auch Taxi und Pferdegespann. Der Bus zur \u0160pindl &#8211; Baude (1200 M.\u00fc.M.) gew\u00e4hrleistet den Verkehr t\u00e4glich.<br><br>Quelle<em>: http:\/\/www.krkonose-net.cz\/spindleruv_mlyn\/index_cz.html<\/em><\/figcaption><\/figure>\n\n\n\n<figure class=\"wp-block-image size-large\"><img loading=\"lazy\" width=\"1024\" height=\"683\" src=\"https:\/\/new.pension-anna.cz\/wp-content\/uploads\/2020\/09\/IMG_8661-1-1024x683.jpg\" alt=\"\" class=\"wp-image-281\" srcset=\"https:\/\/new.pension-anna.cz\/wp-content\/uploads\/2020\/09\/IMG_8661-1-1024x683.jpg 1024w, https:\/\/new.pension-anna.cz\/wp-content\/uploads\/2020\/09\/IMG_8661-1-300x200.jpg 300w, https:\/\/new.pension-anna.cz\/wp-content\/uploads\/2020\/09\/IMG_8661-1-768x512.jpg 768w, https:\/\/new.pension-anna.cz\/wp-content\/uploads\/2020\/09\/IMG_8661-1-1536x1024.jpg 1536w, https:\/\/new.pension-anna.cz\/wp-content\/uploads\/2020\/09\/IMG_8661-1-2048x1365.jpg 2048w\" sizes=\"(max-width: 767px) 89vw, (max-width: 1000px) 54vw, (max-width: 1071px) 543px, 580px\" \/><\/figure>\n\n\n\n<figure class=\"wp-block-image size-large\"><img loading=\"lazy\" width=\"1024\" height=\"683\" src=\"https:\/\/new.pension-anna.cz\/wp-content\/uploads\/2020\/09\/VE0T4935-1-1024x683.jpg\" alt=\"\" class=\"wp-image-282\" srcset=\"https:\/\/new.pension-anna.cz\/wp-content\/uploads\/2020\/09\/VE0T4935-1-1024x683.jpg 1024w, https:\/\/new.pension-anna.cz\/wp-content\/uploads\/2020\/09\/VE0T4935-1-300x200.jpg 300w, https:\/\/new.pension-anna.cz\/wp-content\/uploads\/2020\/09\/VE0T4935-1-768x512.jpg 768w, https:\/\/new.pension-anna.cz\/wp-content\/uploads\/2020\/09\/VE0T4935-1-1536x1024.jpg 1536w, https:\/\/new.pension-anna.cz\/wp-content\/uploads\/2020\/09\/VE0T4935-1-2048x1365.jpg 2048w\" sizes=\"(max-width: 767px) 89vw, (max-width: 1000px) 54vw, (max-width: 1071px) 543px, 580px\" \/><\/figure>\n\n\n\n<figure class=\"wp-block-image size-large\"><img loading=\"lazy\" width=\"1024\" height=\"683\" src=\"https:\/\/new.pension-anna.cz\/wp-content\/uploads\/2020\/09\/VE0T9127-1-1024x683.jpg\" alt=\"\" class=\"wp-image-283\" srcset=\"https:\/\/new.pension-anna.cz\/wp-content\/uploads\/2020\/09\/VE0T9127-1-1024x683.jpg 1024w, https:\/\/new.pension-anna.cz\/wp-content\/uploads\/2020\/09\/VE0T9127-1-300x200.jpg 300w, https:\/\/new.pension-anna.cz\/wp-content\/uploads\/2020\/09\/VE0T9127-1-768x512.jpg 768w, https:\/\/new.pension-anna.cz\/wp-content\/uploads\/2020\/09\/VE0T9127-1-1536x1024.jpg 1536w, https:\/\/new.pension-anna.cz\/wp-content\/uploads\/2020\/09\/VE0T9127-1-2048x1365.jpg 2048w\" sizes=\"(max-width: 767px) 89vw, (max-width: 1000px) 54vw, (max-width: 1071px) 543px, 580px\" \/><\/figure>\n\n\n\n<figure class=\"wp-block-image size-large\"><img loading=\"lazy\" width=\"683\" height=\"1024\" src=\"https:\/\/new.pension-anna.cz\/wp-content\/uploads\/2020\/09\/VE0T9180-1-683x1024.jpg\" alt=\"\" class=\"wp-image-284\" srcset=\"https:\/\/new.pension-anna.cz\/wp-content\/uploads\/2020\/09\/VE0T9180-1-683x1024.jpg 683w, https:\/\/new.pension-anna.cz\/wp-content\/uploads\/2020\/09\/VE0T9180-1-200x300.jpg 200w, https:\/\/new.pension-anna.cz\/wp-content\/uploads\/2020\/09\/VE0T9180-1-768x1152.jpg 768w, https:\/\/new.pension-anna.cz\/wp-content\/uploads\/2020\/09\/VE0T9180-1-1024x1536.jpg 1024w, https:\/\/new.pension-anna.cz\/wp-content\/uploads\/2020\/09\/VE0T9180-1-1365x2048.jpg 1365w, https:\/\/new.pension-anna.cz\/wp-content\/uploads\/2020\/09\/VE0T9180-1-scaled.jpg 1707w\" sizes=\"(max-width: 683px) 100vw, 683px\" \/><\/figure>\n\n\n\n<figure class=\"wp-block-embed-youtube wp-block-embed is-type-video is-provider-youtube wp-embed-aspect-16-9 wp-has-aspect-ratio\"><div class=\"wp-block-embed__wrapper\">\n<iframe title=\"\u0160pindler\u016fv ml\u00fdn z dronu 2018\" width=\"525\" height=\"295\" src=\"https:\/\/www.youtube.com\/embed\/8oPX1iIycmU?feature=oembed\" frameborder=\"0\" allow=\"accelerometer; autoplay; clipboard-write; encrypted-media; gyroscope; picture-in-picture\" allowfullscreen><\/iframe>\n<\/div><\/figure>\n","protected":false},"excerpt":{"rendered":"<p>SPINDLERUV MLYN (SPINDLM\u00dcHLLE) &#8211; DIE PERLE VOM RIESENGEBIRGE BIETET IHNEN IM SOMMER AN 180 km Wander- und H\u00f6henwegeNatur lehrpfadeSesselbahnengef\u00fchrte Wanderungen10 Tennispl\u00e4tzeSommerrodelbahnSummertubingJogging, FischenMinigolfpl\u00e4tzeMountainbiketourenFahrradverleihReitm\u00f6glichkeitenGleitschirmfliegenBootsverleihKutschenfahrtenAusflugsfahrtenPlatzkonzerte, AusstellungenKinderspielpl\u00e4tzeSeilparkAquaparkPools und Wellness BIETET IHNEN IM WINTER AN Sesselbahnen und 20 SchlepplifteSkischulenSki-Kinderg\u00e4rten25 km Skiabfahrten70 km Langlaufloipen130 km SkiwanderloipenSki-AlpinningWinter wanderwegeSkiservice und SkivereihSnowtubingSnowboardpark4 km RodelbahnPferdeschlittenEislaufenPools und WellnessAquapark SchneemobilverleihTennishallen Das Zentrum von \u0160pindler\u016fv Ml\u00fdn liegt am &hellip; <\/p>\n<p class=\"link-more\"><a href=\"https:\/\/new.pension-anna.cz\/index.php\/de\/riesengebirge-und-umgebung\/\" class=\"more-link\">Pokra\u010dovat ve \u010dten\u00ed<span class=\"screen-reader-text\"> &#8222;Riesengebirge und Umgebung&#8220;<\/span><\/a><\/p>\n","protected":false},"author":1,"featured_media":0,"parent":0,"menu_order":0,"comment_status":"closed","ping_status":"closed","template":"","meta":[],"_links":{"self":[{"href":"https:\/\/new.pension-anna.cz\/index.php\/wp-json\/wp\/v2\/pages\/160"}],"collection":[{"href":"https:\/\/new.pension-anna.cz\/index.php\/wp-json\/wp\/v2\/pages"}],"about":[{"href":"https:\/\/new.pension-anna.cz\/index.php\/wp-json\/wp\/v2\/types\/page"}],"author":[{"embeddable":true,"href":"https:\/\/new.pension-anna.cz\/index.php\/wp-json\/wp\/v2\/users\/1"}],"replies":[{"embeddable":true,"href":"https:\/\/new.pension-anna.cz\/index.php\/wp-json\/wp\/v2\/comments?post=160"}],"version-history":[{"count":6,"href":"https:\/\/new.pension-anna.cz\/index.php\/wp-json\/wp\/v2\/pages\/160\/revisions"}],"predecessor-version":[{"id":312,"href":"https:\/\/new.pension-anna.cz\/index.php\/wp-json\/wp\/v2\/pages\/160\/revisions\/312"}],"wp:attachment":[{"href":"https:\/\/new.pension-anna.cz\/index.php\/wp-json\/wp\/v2\/media?parent=160"}],"curies":[{"name":"wp","href":"https:\/\/api.w.org\/{rel}","templated":true}]}}