{"id":162,"date":"2020-06-15T14:58:39","date_gmt":"2020-06-15T12:58:39","guid":{"rendered":"https:\/\/new.pension-anna.cz\/?page_id=162"},"modified":"2021-12-12T09:24:01","modified_gmt":"2021-12-12T08:24:01","slug":"kontakt-und-mappe","status":"publish","type":"page","link":"https:\/\/new.pension-anna.cz\/index.php\/de\/kontakt-und-mappe\/","title":{"rendered":"Kontakt und Mappe"},"content":{"rendered":"\n<figure class=\"wp-block-table is-style-stripes\"><table><tbody><tr><td><br>Anschrift:<\/td><td>Pension Anna &#8211; \u0160pindler\u016fv Ml\u00fdn 171<\/td><\/tr><tr><td>PLZ:<\/td><td>543 51<\/td><\/tr><tr><td>E-Mail:<\/td><td><a href=\"mailto:mail@pension-anna.cz\">mail@pension-anna.cz<\/a><\/td><\/tr><tr><td>Telefon:<\/td><td>+420603449881<\/td><\/tr><tr><td><\/td><td><\/td><\/tr><tr><td><\/td><td><\/td><\/tr><tr><td>GPS:<\/td><td>50\u00b043&#8217;49.099&#8243;N, 15\u00b036&#8217;36.334&#8243;E<\/td><\/tr><\/tbody><\/table><\/figure>\n\n\n\n<figure class=\"wp-block-embed-facebook wp-block-embed\"><div class=\"wp-block-embed__wrapper\">\nhttps:\/\/www.facebook.com\/pensionannaspindleruvmlyn\n<\/div><\/figure>\n\n\n\n<p><\/p>\n\n\n\n<figure><iframe src=\"https:\/\/www.google.com\/maps\/embed?pb=!1m14!1m8!1m3!1d10101.765996489961!2d15.6101142!3d50.7302998!3m2!1i1024!2i768!4f13.1!3m3!1m2!1s0x0%3A0xf11ee9898b3a1858!2sAnna!5e0!3m2!1sen!2scz!4v1592227980345!5m2!1sen!2scz\" allowfullscreen=\"\" width=\"600\" height=\"450\"><\/iframe><\/figure>\n","protected":false},"excerpt":{"rendered":"<p>Anschrift: Pension Anna &#8211; \u0160pindler\u016fv Ml\u00fdn 171 PLZ: 543 51 E-Mail: mail@pension-anna.cz Telefon: +420603449881 GPS: 50\u00b043&#8217;49.099&#8243;N, 15\u00b036&#8217;36.334&#8243;E<\/p>\n","protected":false},"author":1,"featured_media":0,"parent":0,"menu_order":0,"comment_status":"closed","ping_status":"closed","template":"","meta":[],"_links":{"self":[{"href":"https:\/\/new.pension-anna.cz\/index.php\/wp-json\/wp\/v2\/pages\/162"}],"collection":[{"href":"https:\/\/new.pension-anna.cz\/index.php\/wp-json\/wp\/v2\/pages"}],"about":[{"href":"https:\/\/new.pension-anna.cz\/index.php\/wp-json\/wp\/v2\/types\/page"}],"author":[{"embeddable":true,"href":"https:\/\/new.pension-anna.cz\/index.php\/wp-json\/wp\/v2\/users\/1"}],"replies":[{"embeddable":true,"href":"https:\/\/new.pension-anna.cz\/index.php\/wp-json\/wp\/v2\/comments?post=162"}],"version-history":[{"count":5,"href":"https:\/\/new.pension-anna.cz\/index.php\/wp-json\/wp\/v2\/pages\/162\/revisions"}],"predecessor-version":[{"id":413,"href":"https:\/\/new.pension-anna.cz\/index.php\/wp-json\/wp\/v2\/pages\/162\/revisions\/413"}],"wp:attachment":[{"href":"https:\/\/new.pension-anna.cz\/index.php\/wp-json\/wp\/v2\/media?parent=162"}],"curies":[{"name":"wp","href":"https:\/\/api.w.org\/{rel}","templated":true}]}}