{"id":167,"date":"2020-06-15T15:03:57","date_gmt":"2020-06-15T13:03:57","guid":{"rendered":"https:\/\/new.pension-anna.cz\/?page_id=167"},"modified":"2023-08-31T16:52:58","modified_gmt":"2023-08-31T14:52:58","slug":"unterkunftpreisliste","status":"publish","type":"page","link":"https:\/\/new.pension-anna.cz\/index.php\/de\/unterkunftpreisliste\/","title":{"rendered":"Unterkunftpreisliste"},"content":{"rendered":"\n<p>Sie k\u00f6nnen den Preis der Unterkunft durch die Auswahl eines bestimmten Zimmers oder Appartements in einem bestimmten Datum auf dem Link unten finden. <strong>Der ungef\u00e4hre Preis variiert je nach Saison ab 610,- CZK \/ Nacht \/ Person.<\/strong><\/p>\n\n\n\n<h2 class=\"has-text-align-center\"><a rel=\"noreferrer noopener\" href=\"https:\/\/booking.previo.cz\/index\/step-1\/?hotId=9606&amp;currency=CZK&amp;lang=cs&amp;redirectType=iframe&amp;PHPSESSID=6b23abkkhie6df9ducq173pe0o\" target=\"_blank\"><strong>AKTUELLER PREIS HIER<\/strong><\/a><\/h2>\n\n\n\n<p><\/p>\n\n\n\n<p><strong>Der Preis beinhaltet Fr\u00fchst\u00fcck und Parkplatz.<\/strong><\/p>\n\n\n\n<p>Haustier \u2013 nach Vereinbarung mit Empfang m\u00f6glich (Hund nur bis mittlere Gr\u00f6\u00dfe, MAX 12kg) \u2013 Preis 200,- &#8211; 400,- CZK\/Nacht<\/p>\n\n\n\n<p>INTERNET &#8211; Wifi-free &#8211; KOSTENLOS<\/p>\n\n\n\n<p><strong>Check- in \u2013 14.00 \u2013 18. 00 <\/strong>(die Zeit der Ankunft in die Pension) Nach Vereinbarung mit dem Empfang ist auch eine andere Zeit m\u00f6glich.<\/p>\n\n\n\n<p><strong>Check-out bis 10.00 <\/strong>(die Zeit der Verlassung des Zimmers am Abfahrtstag)<\/p>\n\n\n\n<p>Zwischen dem 26. Dezember 2021 und 2. Januar 2022 ist es m\u00f6glich, online nur 6 und mehr N\u00e4chte zu buchen.&nbsp; Buchung f\u00fcr wenigere Tage \u2013 fragen Sie bitte im Empfang der Pension Monika nach.<\/p>\n\n\n\n<p><strong>Die Preise sind keine festen Preise<\/strong>; sie werden nach Vereinbarung festgelegt, inklusive entsprechender MWS.<\/p>\n\n\n\n<p>Im Preis ist nicht eingeschlossen: Die Stadtgeb\u00fchr 18 \u2013 70 Jahre Alter 30,-CZK\/Person\/Tag<\/p>\n","protected":false},"excerpt":{"rendered":"<p>Sie k\u00f6nnen den Preis der Unterkunft durch die Auswahl eines bestimmten Zimmers oder Appartements in einem bestimmten Datum auf dem Link unten finden. Der ungef\u00e4hre Preis variiert je nach Saison ab 610,- CZK \/ Nacht \/ Person. AKTUELLER PREIS HIER Der Preis beinhaltet Fr\u00fchst\u00fcck und Parkplatz. Haustier \u2013 nach Vereinbarung mit Empfang m\u00f6glich (Hund nur &hellip; <\/p>\n<p class=\"link-more\"><a href=\"https:\/\/new.pension-anna.cz\/index.php\/de\/unterkunftpreisliste\/\" class=\"more-link\">Pokra\u010dovat ve \u010dten\u00ed<span class=\"screen-reader-text\"> &#8222;Unterkunftpreisliste&#8220;<\/span><\/a><\/p>\n","protected":false},"author":1,"featured_media":0,"parent":0,"menu_order":0,"comment_status":"closed","ping_status":"closed","template":"","meta":[],"_links":{"self":[{"href":"https:\/\/new.pension-anna.cz\/index.php\/wp-json\/wp\/v2\/pages\/167"}],"collection":[{"href":"https:\/\/new.pension-anna.cz\/index.php\/wp-json\/wp\/v2\/pages"}],"about":[{"href":"https:\/\/new.pension-anna.cz\/index.php\/wp-json\/wp\/v2\/types\/page"}],"author":[{"embeddable":true,"href":"https:\/\/new.pension-anna.cz\/index.php\/wp-json\/wp\/v2\/users\/1"}],"replies":[{"embeddable":true,"href":"https:\/\/new.pension-anna.cz\/index.php\/wp-json\/wp\/v2\/comments?post=167"}],"version-history":[{"count":15,"href":"https:\/\/new.pension-anna.cz\/index.php\/wp-json\/wp\/v2\/pages\/167\/revisions"}],"predecessor-version":[{"id":494,"href":"https:\/\/new.pension-anna.cz\/index.php\/wp-json\/wp\/v2\/pages\/167\/revisions\/494"}],"wp:attachment":[{"href":"https:\/\/new.pension-anna.cz\/index.php\/wp-json\/wp\/v2\/media?parent=167"}],"curies":[{"name":"wp","href":"https:\/\/api.w.org\/{rel}","templated":true}]}}