{"id":222,"date":"2020-09-22T15:12:17","date_gmt":"2020-09-22T13:12:17","guid":{"rendered":"https:\/\/new.pension-anna.cz\/?page_id=222"},"modified":"2023-08-31T16:53:36","modified_gmt":"2023-08-31T14:53:36","slug":"price-list","status":"publish","type":"page","link":"https:\/\/new.pension-anna.cz\/index.php\/en\/price-list\/","title":{"rendered":"Price list"},"content":{"rendered":"\n<p>You can find the price of accommodation by selecting a specific room or apartment in a specific date on the link below. <strong>Approximate price varies according to the season from 610,- CZK \/ night \/ person.<\/strong><\/p>\n\n\n\n<h2 class=\"has-text-align-center\"><a href=\"https:\/\/booking.previo.cz\/index\/step-1\/?hotId=9606&amp;currency=CZK&amp;lang=cs&amp;redirectType=iframe&amp;PHPSESSID=6b23abkkhie6df9ducq173pe0o\" target=\"_blank\" rel=\"noreferrer noopener\"><strong>CURRENT PRICE HERE<\/strong><\/a><\/h2>\n\n\n\n<p><\/p>\n\n\n\n<p><strong>The rate includes breakfast and parking<\/strong>.<\/p>\n\n\n\n<p>The price does not include: Recreation fee 18 &#8211; 70 years &#8211; 30, -CZK \/ person \/ day<\/p>\n\n\n\n<p>Pets \u2013 please ask at reception ( dogs only, up to medium size, MAX 12kg) &#8211;&nbsp; 200 &#8211; 400 CZK per night.<\/p>\n\n\n\n<p>INTERNET Wifi-free &#8211; GRATIS<\/p>\n\n\n\n<p><strong>Check-in<\/strong>: 14.00-18.00 (time of arrival at the pension)<\/p>\n\n\n\n<p>With notification to reception, it is possible to arrange out-of-hours check-in.<\/p>\n\n\n\n<p><strong>Check-out<\/strong>: before 10.00&nbsp; (time to depart room on day of departure).<\/p>\n\n\n\n<p>During the period <strong>December 26, 2021 &#8211; January 2, 2022<\/strong> online reservations are only possible for stays of 6 and moor nights. You may enquire at reception about reservations for fewer days.<\/p>\n\n\n\n<p><strong>Prices are approximate<\/strong> &#8211; as agreed, including VAT.<\/p>\n\n\n\n<p><\/p>\n","protected":false},"excerpt":{"rendered":"<p>You can find the price of accommodation by selecting a specific room or apartment in a specific date on the link below. Approximate price varies according to the season from 610,- CZK \/ night \/ person. CURRENT PRICE HERE The rate includes breakfast and parking. The price does not include: Recreation fee 18 &#8211; 70 &hellip; <\/p>\n<p class=\"link-more\"><a href=\"https:\/\/new.pension-anna.cz\/index.php\/en\/price-list\/\" class=\"more-link\">Pokra\u010dovat ve \u010dten\u00ed<span class=\"screen-reader-text\"> &#8222;Price list&#8220;<\/span><\/a><\/p>\n","protected":false},"author":1,"featured_media":0,"parent":0,"menu_order":0,"comment_status":"closed","ping_status":"closed","template":"","meta":[],"_links":{"self":[{"href":"https:\/\/new.pension-anna.cz\/index.php\/wp-json\/wp\/v2\/pages\/222"}],"collection":[{"href":"https:\/\/new.pension-anna.cz\/index.php\/wp-json\/wp\/v2\/pages"}],"about":[{"href":"https:\/\/new.pension-anna.cz\/index.php\/wp-json\/wp\/v2\/types\/page"}],"author":[{"embeddable":true,"href":"https:\/\/new.pension-anna.cz\/index.php\/wp-json\/wp\/v2\/users\/1"}],"replies":[{"embeddable":true,"href":"https:\/\/new.pension-anna.cz\/index.php\/wp-json\/wp\/v2\/comments?post=222"}],"version-history":[{"count":18,"href":"https:\/\/new.pension-anna.cz\/index.php\/wp-json\/wp\/v2\/pages\/222\/revisions"}],"predecessor-version":[{"id":495,"href":"https:\/\/new.pension-anna.cz\/index.php\/wp-json\/wp\/v2\/pages\/222\/revisions\/495"}],"wp:attachment":[{"href":"https:\/\/new.pension-anna.cz\/index.php\/wp-json\/wp\/v2\/media?parent=222"}],"curies":[{"name":"wp","href":"https:\/\/api.w.org\/{rel}","templated":true}]}}