{"id":233,"date":"2020-09-22T15:20:32","date_gmt":"2020-09-22T13:20:32","guid":{"rendered":"https:\/\/new.pension-anna.cz\/?page_id=233"},"modified":"2020-09-29T18:46:35","modified_gmt":"2020-09-29T16:46:35","slug":"giant-mountains","status":"publish","type":"page","link":"https:\/\/new.pension-anna.cz\/index.php\/en\/giant-mountains\/","title":{"rendered":"Giant Mountains"},"content":{"rendered":"\n<figure class=\"wp-block-image size-large\"><img loading=\"lazy\" width=\"1024\" height=\"683\" src=\"https:\/\/new.pension-anna.cz\/wp-content\/uploads\/2020\/09\/VE0T0302-3-1024x683.jpg\" alt=\"\" class=\"wp-image-286\" srcset=\"https:\/\/new.pension-anna.cz\/wp-content\/uploads\/2020\/09\/VE0T0302-3-1024x683.jpg 1024w, https:\/\/new.pension-anna.cz\/wp-content\/uploads\/2020\/09\/VE0T0302-3-300x200.jpg 300w, https:\/\/new.pension-anna.cz\/wp-content\/uploads\/2020\/09\/VE0T0302-3-768x512.jpg 768w, https:\/\/new.pension-anna.cz\/wp-content\/uploads\/2020\/09\/VE0T0302-3-1536x1024.jpg 1536w, https:\/\/new.pension-anna.cz\/wp-content\/uploads\/2020\/09\/VE0T0302-3-2048x1365.jpg 2048w\" sizes=\"(max-width: 767px) 89vw, (max-width: 1000px) 54vw, (max-width: 1071px) 543px, 580px\" \/><figcaption><br><strong><strong><strong>\u0160PINDLER\u016eV ML\u00ddN \u2013 PEARL OF THE GIANT MOUNTAINS<\/strong><\/strong><\/strong><\/figcaption><\/figure>\n\n\n\n<figure class=\"wp-block-table\"><table><tbody><tr><td><strong>SUMMER OFFERS<\/strong><br><br>180 km of hiking trails<br>nature trails<br>cable cars<br>guided tours<br>10 tennis courts<br>summer bobsleigh track<br>summertubing<br>jogging, fishing, mini-golf<br>cycling routes<br>bicycle rental<br>riding school<br>paragliding<br>boat rental<br>horse-drawn carriages<br>coach tours<br>promenade concerts, exhibitions<br>playground<br>rope park<br>aquapark<br>swimming pools and wellness<\/td><td><strong>WINTER OFFERS<\/strong><br>cable cars and 20 lifts<br>ski schools<br>children ski schools<br>25 km of downhill runs<br>70 km of cross-country trails<br>130 km of ridge roads<br>ski-alpinning <br>winter hiking<br>repair shops and ski rentals<br>snowtubing<br>snowpark for snowboardists<br>4 km sledge slide track<br>horse-drawn sleigh<br>ice skating<br>swimming pools and wellness<br>aquapark<br>snowmobile rental<br>indoor tennis courts<br><\/td><\/tr><\/tbody><\/table><figcaption>T<em>he center of \u0160pindler\u016fv Ml\u00fdn is located at the confluence of the river Elbe with the Dolsk\u00fd stream. The town is p<\/em>rotected on all sides by mountain ranges: Koz\u00ed h\u0159bety, Pl\u00e1n\u011b, Krkono\u0161e and Medv\u011bd\u00edn hill.<\/figcaption><\/figure>\n\n\n\n<p class=\"has-small-font-size\"><em>The Giant Mountains, with their deep forests, formed part of the Kingdom of Bohemia. Since the Neolithic, they have been inhabited by Slavic tribes. Already in 1241, the provostship of Vrchlab\u00ed was founded by the Benedictines. Two important trade routes led across the ridges. Discovery of ores and precious stones in the 16th century attracted many foreigners &#8211; a legend about Krakono\u0161 was created. Mining also brought a mining expert Kry\u0161tof from Gendorf, supported by the Habsburgs, who controlled the entire territory of the Giant Mountains. Instead of the old fortress, he built a famous chateau in Vrchlab\u00ed in 1548 with four corner towers. He started cut down trees for the mines, and eventually supplied wood to the Kutn\u00e1 Hora mines. With mining, the glass industry also expanded &#8211; to this day there are world-famous glassworks in Harrachov. With the decline of mining, a future farm developed on felled clearings, Lu\u010dn\u00ed bouda, Martinovka and Br\u00e1dlerovy boudy were established. After the Thirty Years&#8216; War, Albrecht of Wallenstein ruled here, after his assassination by Morzins. The ultimate act of the Counter-Reformation was the construction and consecration of the Chapel of St. Vav\u0159ince na Sn\u011b\u017eka in 1681 and the consecration of the Elbe spring in 1684. The borders with Silesia were adjusted, the western part was controlled by the Czech count Harrach.<\/em><\/p>\n\n\n\n<p class=\"has-small-font-size\"><em>At the beginning of the 18th century, there were efforts to resurrect the mines. In St. Peter worked for up to 50 miners who met at the miller \u0160pindler. The construction of the church of St. Peter &#8211; the protector of metalworkers and metallurgists &#8211; was consecrated in 1793, and the town of \u0160pindler\u016fv Ml\u00fdn was founded. Due to the difficulty of transport, the mill itself later disappeared and the mines also ceased their activities. People began to move to the mountains, the sheds of \u0160pindler\u016fv Ml\u00fdn, Petrovka, Davidovky, Pudlov, the old Erlebach, Renner and others were converted to year-round living and weaving began. After the abolition of slavery, the inhabitants became tenants and shepherds, raising cattle and goats. When forests began to be systematically restored, the wake-up economy was given strict rules. The new fashion wave of the return to nature (J.J. Rosseau) brought the first visitors to the mountains, at first a rich layer, and later the general public. The huts slowly became innhouses, and hunting spread with forests.<br>Winter sleigh rides became well known, first from Slezsk\u00fd sedlo to Kowar, and later to \u0160pindler\u016fv Ml\u00fdn. Harrach&#8217;s idea to equip  woodpeckers with ski from Norway laid the foundation for skiing in the Giant Mountains. In the end, the natives also took their production with honor, and the autumn squirrel became part of the life of the mountaineers. Sports associations were established, competitions were organized. The most famous with a tragic end for the racer B. Han\u010d and his friend  Vrbata, it took place in March 1913. The mound, in memory of courage and friendship, stands near the site of the tragedy in the Krkono\u0161e Mountains near Vrbatova bouda. The shed economy ceased to exist and the huts began to serve tourism. In 1914, a valley dam near \u0160pindler\u016fv Ml\u00fdn was completed against the floods on the Elbe. With the establishment of Czechoslovakia after World War I, the German bourgeoisie wanted to separate, but the border was occupied by the Czechoslovak army, the forests were mostly nationalized and the Czech Tourist Club promoted the Czech element to the Giant Mountains. With the threat of Nazism, fortresses began to be built on the border ridge for defense, which is why a high-altitude road was built in 1936: Hraba\u010dov near Jilemnice &#8211; Krkono\u0161e near Vrbatova bouda (1400 m above sea level), which still serves as a shuttle service in summer. Today, accommodation is available to all visitors throughout the Giant Mountains.<\/em><\/p>\n\n\n\n<p class=\"has-small-font-size\"><strong>In summer<\/strong>, quiet valleys and beautiful views from the ridges from Pomezn\u00ed boudy to Harrachov and in the west from the Czech-Polish border road invite you for trips. The Giant Mountains are interwoven with marked hiking trails suitable for all ages. There are chair lifts to some peaks, allowing a view of the mountains even for less able tourists. The most popular are trips to the source of the river Elbe, which flows into Hamburg, Germany, but also to the highest mountain in the Czech Republic &#8211; Sn\u011b\u017eka (1602 m above sea level). In addition to restaurants and wine bars and bars, \u0160pindler\u016fv Ml\u00fdn also offers dance evenings and discos, hotel pools, tennis courts, a fitness center, saunas, skittles, squash, shooting, as well as boats on the dam, fishing. There are large parking lots, taxis, horse-drawn carriages, bicycle rentals.<\/p>\n\n\n\n<p class=\"has-small-font-size\"><strong>The winter season<\/strong> in \u0160pindler\u016fv Ml\u00fdn usually lasts from December to April. Spindleruv Mlyn has its own specific climate. The slopes are maintained daily, and in Sv. Peter and Medv\u011bd\u00edn artificially snowed, suitable for advanced, beginners and children. Ski schools provide lessons, rentals and shops offer all sports equipment. International competitions are held here. Snowboarders have their snow park here. Connection between skistadions Sv. Petr and Medv\u011bd\u00edn provide ski buses. The surroundings of \u0160pindler\u016fv Ml\u00fdn offer terrains for winter hiking and cross-country skiing, regardless of age and skill. In addition to marked paths, cross-country trails of various kilometers are maintained. There are chair lifts and ski lifts in operation. Even in winter, visitors can swim in the hotel pools, play tennis in the halls, take advantage of the hotel&#8217;s bowling alleys and bowling, squash, table tennis and billiards. In addition to the disco, there are concerts, dance evenings and film performances. Taxis and horse-drawn sleighs are available. The bus to \u0160pindler\u016fv Ml\u00fdn near the Polish border (1200 m above sea level) provides daily transport. It is possible to buy common consumer goods in the city.<\/p>\n\n\n\n<p class=\"has-small-font-size\"><em>source: http:\/\/www.krkonose-net.cz\/spindleruv_mlyn\/index_cz.htm<\/em><\/p>\n\n\n\n<figure class=\"wp-block-image size-large\"><img loading=\"lazy\" width=\"1024\" height=\"683\" src=\"https:\/\/new.pension-anna.cz\/wp-content\/uploads\/2020\/09\/IMG_8661-2-1024x683.jpg\" alt=\"\" class=\"wp-image-287\" srcset=\"https:\/\/new.pension-anna.cz\/wp-content\/uploads\/2020\/09\/IMG_8661-2-1024x683.jpg 1024w, https:\/\/new.pension-anna.cz\/wp-content\/uploads\/2020\/09\/IMG_8661-2-300x200.jpg 300w, https:\/\/new.pension-anna.cz\/wp-content\/uploads\/2020\/09\/IMG_8661-2-768x512.jpg 768w, https:\/\/new.pension-anna.cz\/wp-content\/uploads\/2020\/09\/IMG_8661-2-1536x1024.jpg 1536w, https:\/\/new.pension-anna.cz\/wp-content\/uploads\/2020\/09\/IMG_8661-2-2048x1365.jpg 2048w\" sizes=\"(max-width: 767px) 89vw, (max-width: 1000px) 54vw, (max-width: 1071px) 543px, 580px\" \/><\/figure>\n\n\n\n<figure class=\"wp-block-image size-large\"><img loading=\"lazy\" width=\"1024\" height=\"683\" src=\"https:\/\/new.pension-anna.cz\/wp-content\/uploads\/2020\/09\/VE0T9127-2-1024x683.jpg\" alt=\"\" class=\"wp-image-288\" srcset=\"https:\/\/new.pension-anna.cz\/wp-content\/uploads\/2020\/09\/VE0T9127-2-1024x683.jpg 1024w, https:\/\/new.pension-anna.cz\/wp-content\/uploads\/2020\/09\/VE0T9127-2-300x200.jpg 300w, https:\/\/new.pension-anna.cz\/wp-content\/uploads\/2020\/09\/VE0T9127-2-768x512.jpg 768w, https:\/\/new.pension-anna.cz\/wp-content\/uploads\/2020\/09\/VE0T9127-2-1536x1024.jpg 1536w, https:\/\/new.pension-anna.cz\/wp-content\/uploads\/2020\/09\/VE0T9127-2-2048x1365.jpg 2048w\" sizes=\"(max-width: 767px) 89vw, (max-width: 1000px) 54vw, (max-width: 1071px) 543px, 580px\" \/><\/figure>\n\n\n\n<figure class=\"wp-block-image size-large\"><img loading=\"lazy\" width=\"683\" height=\"1024\" src=\"https:\/\/new.pension-anna.cz\/wp-content\/uploads\/2020\/09\/VE0T9180-2-683x1024.jpg\" alt=\"\" class=\"wp-image-289\" srcset=\"https:\/\/new.pension-anna.cz\/wp-content\/uploads\/2020\/09\/VE0T9180-2-683x1024.jpg 683w, https:\/\/new.pension-anna.cz\/wp-content\/uploads\/2020\/09\/VE0T9180-2-200x300.jpg 200w, https:\/\/new.pension-anna.cz\/wp-content\/uploads\/2020\/09\/VE0T9180-2-768x1152.jpg 768w, https:\/\/new.pension-anna.cz\/wp-content\/uploads\/2020\/09\/VE0T9180-2-1024x1536.jpg 1024w, https:\/\/new.pension-anna.cz\/wp-content\/uploads\/2020\/09\/VE0T9180-2-1365x2048.jpg 1365w, https:\/\/new.pension-anna.cz\/wp-content\/uploads\/2020\/09\/VE0T9180-2-scaled.jpg 1707w\" sizes=\"(max-width: 683px) 100vw, 683px\" \/><\/figure>\n\n\n\n<p><\/p>\n\n\n\n<figure class=\"wp-block-embed-youtube wp-block-embed is-type-video is-provider-youtube wp-embed-aspect-16-9 wp-has-aspect-ratio\"><div class=\"wp-block-embed__wrapper\">\n<iframe title=\"\u0160pindler\u016fv ml\u00fdn z dronu 2018\" width=\"525\" height=\"295\" src=\"https:\/\/www.youtube.com\/embed\/8oPX1iIycmU?feature=oembed\" frameborder=\"0\" allow=\"accelerometer; autoplay; clipboard-write; encrypted-media; gyroscope; picture-in-picture\" allowfullscreen><\/iframe>\n<\/div><\/figure>\n","protected":false},"excerpt":{"rendered":"<p>SUMMER OFFERS 180 km of hiking trailsnature trailscable carsguided tours10 tennis courtssummer bobsleigh tracksummertubingjogging, fishing, mini-golfcycling routesbicycle rentalriding schoolparaglidingboat rentalhorse-drawn carriagescoach tourspromenade concerts, exhibitionsplaygroundrope parkaquaparkswimming pools and wellness WINTER OFFERScable cars and 20 liftsski schoolschildren ski schools25 km of downhill runs70 km of cross-country trails130 km of ridge roadsski-alpinning winter hikingrepair shops and ski rentalssnowtubingsnowpark &hellip; <\/p>\n<p class=\"link-more\"><a href=\"https:\/\/new.pension-anna.cz\/index.php\/en\/giant-mountains\/\" class=\"more-link\">Pokra\u010dovat ve \u010dten\u00ed<span class=\"screen-reader-text\"> &#8222;Giant Mountains&#8220;<\/span><\/a><\/p>\n","protected":false},"author":1,"featured_media":0,"parent":0,"menu_order":0,"comment_status":"closed","ping_status":"closed","template":"","meta":[],"_links":{"self":[{"href":"https:\/\/new.pension-anna.cz\/index.php\/wp-json\/wp\/v2\/pages\/233"}],"collection":[{"href":"https:\/\/new.pension-anna.cz\/index.php\/wp-json\/wp\/v2\/pages"}],"about":[{"href":"https:\/\/new.pension-anna.cz\/index.php\/wp-json\/wp\/v2\/types\/page"}],"author":[{"embeddable":true,"href":"https:\/\/new.pension-anna.cz\/index.php\/wp-json\/wp\/v2\/users\/1"}],"replies":[{"embeddable":true,"href":"https:\/\/new.pension-anna.cz\/index.php\/wp-json\/wp\/v2\/comments?post=233"}],"version-history":[{"count":14,"href":"https:\/\/new.pension-anna.cz\/index.php\/wp-json\/wp\/v2\/pages\/233\/revisions"}],"predecessor-version":[{"id":308,"href":"https:\/\/new.pension-anna.cz\/index.php\/wp-json\/wp\/v2\/pages\/233\/revisions\/308"}],"wp:attachment":[{"href":"https:\/\/new.pension-anna.cz\/index.php\/wp-json\/wp\/v2\/media?parent=233"}],"curies":[{"name":"wp","href":"https:\/\/api.w.org\/{rel}","templated":true}]}}