{"id":28,"date":"2020-05-07T09:54:45","date_gmt":"2020-05-07T07:54:45","guid":{"rendered":"https:\/\/new.pension-anna.cz\/?page_id=28"},"modified":"2022-03-23T18:38:30","modified_gmt":"2022-03-23T17:38:30","slug":"uvod","status":"publish","type":"page","link":"https:\/\/new.pension-anna.cz\/","title":{"rendered":"V\u00edtejte na na\u0161ich str\u00e1nk\u00e1ch!"},"content":{"rendered":"\n<h2 class=\"has-vivid-red-color has-text-color has-medium-font-size\"><span class=\"has-inline-color has-black-color\"><strong>Pension ANNA <\/strong><\/span><\/h2>\n\n\n\n<ul><li><a href=\"https:\/\/new.pension-anna.cz\/\">\u010ce\u0161tina<\/a><\/li><li><a href=\"https:\/\/new.pension-anna.cz\/index.php\/de\/herzlich-wilkommen\/\">Deutsch<\/a><\/li><li><a href=\"https:\/\/new.pension-anna.cz\/index.php\/en\/welcome\/\">English<\/a><\/li><\/ul>\n\n\n\n<p>Modern\u00ed horsk\u00fd pension Anna byl otev\u0159en v roce 2001 a nach\u00e1z\u00ed se p\u0159\u00edmo ve \u0160pindlerov\u011b Ml\u00fdn\u011b, v kr\u00e1sn\u00e9 p\u0159\u00edrod\u011b Krkono\u0161sk\u00e9ho n\u00e1rodn\u00edho parku, necel\u00fdch 300 m od centra.<\/p>\n\n\n\n<p>Um\u00edst\u011bn\u00ed pensionu v t\u011bsn\u00e9 bl\u00edzkosti ly\u017ea\u0159sk\u00e9ho are\u00e1lu Medv\u011bd\u00edn a o n\u011bco vzd\u00e1len\u011bj\u0161\u00edho are\u00e1lu Svat\u00fd Petr, je p\u0159\u00edslibem pro milovn\u00edky sjezdov\u00e9ho ly\u017eov\u00e1n\u00ed, ale tak\u00e9 pro b\u011b\u017eka\u0159e, kte\u0159\u00ed vyu\u017eij\u00ed p\u0159ilehl\u00e9 b\u011b\u017eeck\u00e9 stopy v are\u00e1lu Horn\u00ed M\u00edse\u010dky.<\/p>\n\n\n\n<p>Po cel\u00fd rok mohou host\u00e9 spojit sv\u016fj pobyt s n\u00e1v\u0161t\u011bvou z\u00e1bavn\u00edch podnik\u016f, bobov\u00e9 dr\u00e1hy, baz\u00e9n\u016f, saun a tenisov\u00fdch kurt\u016f v n\u011bkter\u00e9m z p\u0159ilehl\u00fdch za\u0159\u00edzen\u00ed, kter\u00e9 \u0160pindler\u016fv Ml\u00fdn nab\u00edz\u00ed.<\/p>\n\n\n\n<div class=\"wp-block-image\"><figure class=\"aligncenter size-large\"><img loading=\"lazy\" width=\"800\" height=\"533\" src=\"https:\/\/new.pension-anna.cz\/wp-content\/uploads\/2020\/06\/anna_snow-1.jpeg\" alt=\"\" class=\"wp-image-201\" srcset=\"https:\/\/new.pension-anna.cz\/wp-content\/uploads\/2020\/06\/anna_snow-1.jpeg 800w, https:\/\/new.pension-anna.cz\/wp-content\/uploads\/2020\/06\/anna_snow-1-300x200.jpeg 300w, https:\/\/new.pension-anna.cz\/wp-content\/uploads\/2020\/06\/anna_snow-1-768x512.jpeg 768w\" sizes=\"(max-width: 767px) 89vw, (max-width: 1000px) 54vw, (max-width: 1071px) 543px, 580px\" \/><figcaption>P<em>ension Anna &#8211; \u0160pindler\u016fv Ml\u00fdn<\/em> &#8211; zima<\/figcaption><\/figure><\/div>\n\n\n\n<div class=\"wp-block-image is-style-default\"><figure class=\"aligncenter size-large\"><img loading=\"lazy\" width=\"800\" height=\"533\" src=\"https:\/\/new.pension-anna.cz\/wp-content\/uploads\/2020\/04\/foto1.jpg\" alt=\"\" class=\"wp-image-7\" srcset=\"https:\/\/new.pension-anna.cz\/wp-content\/uploads\/2020\/04\/foto1.jpg 800w, https:\/\/new.pension-anna.cz\/wp-content\/uploads\/2020\/04\/foto1-300x200.jpg 300w, https:\/\/new.pension-anna.cz\/wp-content\/uploads\/2020\/04\/foto1-768x512.jpg 768w\" sizes=\"(max-width: 767px) 89vw, (max-width: 1000px) 54vw, (max-width: 1071px) 543px, 580px\" \/><figcaption>Pension Anna &#8211; \u0160pindler\u016fv Ml\u00fdn &#8211; l\u00e9to<\/figcaption><\/figure><\/div>\n","protected":false},"excerpt":{"rendered":"<p>Pension ANNA \u010ce\u0161tina Deutsch English Modern\u00ed horsk\u00fd pension Anna byl otev\u0159en v roce 2001 a nach\u00e1z\u00ed se p\u0159\u00edmo ve \u0160pindlerov\u011b Ml\u00fdn\u011b, v kr\u00e1sn\u00e9 p\u0159\u00edrod\u011b Krkono\u0161sk\u00e9ho n\u00e1rodn\u00edho parku, necel\u00fdch 300 m od centra. Um\u00edst\u011bn\u00ed pensionu v t\u011bsn\u00e9 bl\u00edzkosti ly\u017ea\u0159sk\u00e9ho are\u00e1lu Medv\u011bd\u00edn a o n\u011bco vzd\u00e1len\u011bj\u0161\u00edho are\u00e1lu Svat\u00fd Petr, je p\u0159\u00edslibem pro milovn\u00edky sjezdov\u00e9ho ly\u017eov\u00e1n\u00ed, ale tak\u00e9 &hellip; <\/p>\n<p class=\"link-more\"><a href=\"https:\/\/new.pension-anna.cz\/\" class=\"more-link\">Pokra\u010dovat ve \u010dten\u00ed<span class=\"screen-reader-text\"> &#8222;V\u00edtejte na na\u0161ich str\u00e1nk\u00e1ch!&#8220;<\/span><\/a><\/p>\n","protected":false},"author":1,"featured_media":0,"parent":0,"menu_order":0,"comment_status":"closed","ping_status":"closed","template":"","meta":[],"_links":{"self":[{"href":"https:\/\/new.pension-anna.cz\/index.php\/wp-json\/wp\/v2\/pages\/28"}],"collection":[{"href":"https:\/\/new.pension-anna.cz\/index.php\/wp-json\/wp\/v2\/pages"}],"about":[{"href":"https:\/\/new.pension-anna.cz\/index.php\/wp-json\/wp\/v2\/types\/page"}],"author":[{"embeddable":true,"href":"https:\/\/new.pension-anna.cz\/index.php\/wp-json\/wp\/v2\/users\/1"}],"replies":[{"embeddable":true,"href":"https:\/\/new.pension-anna.cz\/index.php\/wp-json\/wp\/v2\/comments?post=28"}],"version-history":[{"count":23,"href":"https:\/\/new.pension-anna.cz\/index.php\/wp-json\/wp\/v2\/pages\/28\/revisions"}],"predecessor-version":[{"id":463,"href":"https:\/\/new.pension-anna.cz\/index.php\/wp-json\/wp\/v2\/pages\/28\/revisions\/463"}],"wp:attachment":[{"href":"https:\/\/new.pension-anna.cz\/index.php\/wp-json\/wp\/v2\/media?parent=28"}],"curies":[{"name":"wp","href":"https:\/\/api.w.org\/{rel}","templated":true}]}}