{"id":33,"date":"2020-05-07T10:00:59","date_gmt":"2020-05-07T08:00:59","guid":{"rendered":"https:\/\/new.pension-anna.cz\/?page_id=33"},"modified":"2022-03-23T18:42:15","modified_gmt":"2022-03-23T17:42:15","slug":"welcome","status":"publish","type":"page","link":"https:\/\/new.pension-anna.cz\/index.php\/en\/welcome\/","title":{"rendered":"Welcome!"},"content":{"rendered":"\n<p style=\"font-size:21px\"><strong>Pension ANNA<\/strong><\/p>\n\n\n\n<p>Bed&amp;Breakfast Pension Anna is a modern facility that opened for business in 2001. It is located in the mountain resort of \u0160pindler\u016fv Ml\u00fdn, amid the natural beauty of the Krkono\u0161e National Park.<\/p>\n\n\n\n<p>Easy access to both Medv\u011bd\u00edn and Svat\u00fd Petr ski-centers is ideal for those who enjoy downhill skiing. Those who are keen on cross-country skiing will appreciate the proximity to the exciting cross-country tracks of the Horn\u00ed M\u00edse\u010dky ski-center.<\/p>\n\n\n\n<p>Year round attractions in the area include multiple dining and entertainment facilities, several swimming pools, saunas, tennis courts and a bobsleigh track.<\/p>\n\n\n\n<figure class=\"wp-block-image\"><img loading=\"lazy\" width=\"800\" height=\"533\" src=\"https:\/\/new.pension-anna.cz\/wp-content\/uploads\/2020\/06\/anna_snow-1.jpeg\" alt=\"\" class=\"wp-image-201\" srcset=\"https:\/\/new.pension-anna.cz\/wp-content\/uploads\/2020\/06\/anna_snow-1.jpeg 800w, https:\/\/new.pension-anna.cz\/wp-content\/uploads\/2020\/06\/anna_snow-1-300x200.jpeg 300w, https:\/\/new.pension-anna.cz\/wp-content\/uploads\/2020\/06\/anna_snow-1-768x512.jpeg 768w\" sizes=\"(max-width: 767px) 89vw, (max-width: 1000px) 54vw, (max-width: 1071px) 543px, 580px\" \/><figcaption>P<em>ension Anna \u2013 \u0160pindler\u016fv Ml\u00fdn<\/em>&nbsp;\u2013 winter<\/figcaption><\/figure>\n\n\n\n<p><\/p>\n\n\n\n<figure class=\"wp-block-image is-style-default\"><img loading=\"lazy\" width=\"800\" height=\"533\" src=\"https:\/\/new.pension-anna.cz\/wp-content\/uploads\/2020\/04\/foto1.jpg\" alt=\"\" class=\"wp-image-7\" srcset=\"https:\/\/new.pension-anna.cz\/wp-content\/uploads\/2020\/04\/foto1.jpg 800w, https:\/\/new.pension-anna.cz\/wp-content\/uploads\/2020\/04\/foto1-300x200.jpg 300w, https:\/\/new.pension-anna.cz\/wp-content\/uploads\/2020\/04\/foto1-768x512.jpg 768w\" sizes=\"(max-width: 767px) 89vw, (max-width: 1000px) 54vw, (max-width: 1071px) 543px, 580px\" \/><figcaption>Pension Anna \u2013 \u0160pindler\u016fv Ml\u00fdn \u2013 summer<\/figcaption><\/figure>\n","protected":false},"excerpt":{"rendered":"<p>Pension ANNA Bed&amp;Breakfast Pension Anna is a modern facility that opened for business in 2001. It is located in the mountain resort of \u0160pindler\u016fv Ml\u00fdn, amid the natural beauty of the Krkono\u0161e National Park. Easy access to both Medv\u011bd\u00edn and Svat\u00fd Petr ski-centers is ideal for those who enjoy downhill skiing. Those who are keen &hellip; <\/p>\n<p class=\"link-more\"><a href=\"https:\/\/new.pension-anna.cz\/index.php\/en\/welcome\/\" class=\"more-link\">Pokra\u010dovat ve \u010dten\u00ed<span class=\"screen-reader-text\"> &#8222;Welcome!&#8220;<\/span><\/a><\/p>\n","protected":false},"author":1,"featured_media":0,"parent":0,"menu_order":0,"comment_status":"closed","ping_status":"closed","template":"","meta":[],"_links":{"self":[{"href":"https:\/\/new.pension-anna.cz\/index.php\/wp-json\/wp\/v2\/pages\/33"}],"collection":[{"href":"https:\/\/new.pension-anna.cz\/index.php\/wp-json\/wp\/v2\/pages"}],"about":[{"href":"https:\/\/new.pension-anna.cz\/index.php\/wp-json\/wp\/v2\/types\/page"}],"author":[{"embeddable":true,"href":"https:\/\/new.pension-anna.cz\/index.php\/wp-json\/wp\/v2\/users\/1"}],"replies":[{"embeddable":true,"href":"https:\/\/new.pension-anna.cz\/index.php\/wp-json\/wp\/v2\/comments?post=33"}],"version-history":[{"count":5,"href":"https:\/\/new.pension-anna.cz\/index.php\/wp-json\/wp\/v2\/pages\/33\/revisions"}],"predecessor-version":[{"id":465,"href":"https:\/\/new.pension-anna.cz\/index.php\/wp-json\/wp\/v2\/pages\/33\/revisions\/465"}],"wp:attachment":[{"href":"https:\/\/new.pension-anna.cz\/index.php\/wp-json\/wp\/v2\/media?parent=33"}],"curies":[{"name":"wp","href":"https:\/\/api.w.org\/{rel}","templated":true}]}}