{"id":58,"date":"2020-05-11T12:19:38","date_gmt":"2020-05-11T10:19:38","guid":{"rendered":"https:\/\/new.pension-anna.cz\/?page_id=58"},"modified":"2021-12-18T19:32:06","modified_gmt":"2021-12-18T18:32:06","slug":"nabidka-ubytovani","status":"publish","type":"page","link":"https:\/\/new.pension-anna.cz\/index.php\/nabidka-ubytovani\/","title":{"rendered":"Nab\u00eddka ubytov\u00e1n\u00ed"},"content":{"rendered":"\n<p>Pension Anna \u0160pindler\u016fv Ml\u00fdn v\u00e1m nab\u00edz\u00ed ubytov\u00e1n\u00ed v osmi dvoul\u016f\u017ekov\u00fdch pokoj\u00edch s mo\u017enost\u00ed jedn\u00e9 nebo dvou p\u0159ist\u00fdlek. Pokoje jsou standardn\u011b vybaveny sprchou, WC, f\u00e9nem, satelitn\u00ed televiz\u00ed, chladni\u010dkou a trezorem. Bezplatn\u00e9 p\u0159ipojen\u00ed k internetu &#8211; WIFI.<\/p>\n\n\n\n<p>V cen\u011b ubytov\u00e1n\u00ed je zahrnuta dobr\u00e1 bufetov\u00e1 sn\u00eddan\u011b od 8:00 do 9:30. Celoro\u010dn\u011b je mo\u017en\u00e9 u\u017e\u00edvat parkovac\u00ed m\u00edsta p\u0159ed pensionem.<\/p>\n\n\n\n<p>Host\u016fm je v pensionu k dispozici ly\u017e\u00e1rna se su\u0161\u00e1kem bot, v letn\u00edch m\u011bs\u00edc\u00edch slou\u017e\u00edc\u00ed k \u00faschov\u011b kol a ko\u010d\u00e1rk\u016f. Host\u00e9 mohou t\u00e9\u017e vyu\u017e\u00edt malou kuchy\u0148skou linku s j\u00eddeln\u00edm koutem vybavenou rychlovarnou konvic\u00ed, mikrovlnnou troubou, sadou j\u00eddeln\u00edho n\u00e1dob\u00ed a p\u0159\u00edbory. V l\u00e9t\u011b nab\u00edz\u00edme p\u0159\u00edjemn\u00e9 posezen\u00ed na terase se zahradou, vyu\u017eit\u00ed relaxa\u010dn\u00edch leh\u00e1tek, trampol\u00edny a mal\u00e9ho d\u011btsk\u00e9ho p\u00edskovi\u0161t\u011b.<\/p>\n\n\n\n<p><\/p>\n\n\n\n<figure class=\"wp-block-image\"><img src=\"https:\/\/new.pension-anna.cz\/wp-content\/uploads\/2020\/09\/VE0T9928-1024x683.jpg\" alt=\"Tento obr\u00e1zek nem\u00e1 vypln\u011bn\u00fd atribut alt; n\u00e1zev souboru je VE0T9928-1024x683.jpg.\"\/><\/figure>\n\n\n\n<figure class=\"wp-block-image size-large\"><img loading=\"lazy\" width=\"1024\" height=\"685\" src=\"https:\/\/new.pension-anna.cz\/wp-content\/uploads\/2020\/09\/DSC_7346-1024x685.jpg\" alt=\"\" class=\"wp-image-313\" srcset=\"https:\/\/new.pension-anna.cz\/wp-content\/uploads\/2020\/09\/DSC_7346-1024x685.jpg 1024w, https:\/\/new.pension-anna.cz\/wp-content\/uploads\/2020\/09\/DSC_7346-300x201.jpg 300w, https:\/\/new.pension-anna.cz\/wp-content\/uploads\/2020\/09\/DSC_7346-768x514.jpg 768w, https:\/\/new.pension-anna.cz\/wp-content\/uploads\/2020\/09\/DSC_7346.jpg 1200w\" sizes=\"(max-width: 767px) 89vw, (max-width: 1000px) 54vw, (max-width: 1071px) 543px, 580px\" \/><\/figure>\n\n\n\n<figure class=\"wp-block-image size-large\"><img loading=\"lazy\" width=\"1024\" height=\"685\" src=\"https:\/\/new.pension-anna.cz\/wp-content\/uploads\/2020\/09\/DSC_7341-1024x685.jpg\" alt=\"\" class=\"wp-image-314\" srcset=\"https:\/\/new.pension-anna.cz\/wp-content\/uploads\/2020\/09\/DSC_7341-1024x685.jpg 1024w, https:\/\/new.pension-anna.cz\/wp-content\/uploads\/2020\/09\/DSC_7341-300x201.jpg 300w, https:\/\/new.pension-anna.cz\/wp-content\/uploads\/2020\/09\/DSC_7341-768x514.jpg 768w, https:\/\/new.pension-anna.cz\/wp-content\/uploads\/2020\/09\/DSC_7341.jpg 1200w\" sizes=\"(max-width: 767px) 89vw, (max-width: 1000px) 54vw, (max-width: 1071px) 543px, 580px\" \/><\/figure>\n\n\n\n<figure class=\"wp-block-image size-large\"><img loading=\"lazy\" width=\"1024\" height=\"685\" src=\"https:\/\/new.pension-anna.cz\/wp-content\/uploads\/2020\/09\/DSC_7331-1024x685.jpg\" alt=\"\" class=\"wp-image-315\" srcset=\"https:\/\/new.pension-anna.cz\/wp-content\/uploads\/2020\/09\/DSC_7331-1024x685.jpg 1024w, https:\/\/new.pension-anna.cz\/wp-content\/uploads\/2020\/09\/DSC_7331-300x201.jpg 300w, https:\/\/new.pension-anna.cz\/wp-content\/uploads\/2020\/09\/DSC_7331-768x514.jpg 768w, https:\/\/new.pension-anna.cz\/wp-content\/uploads\/2020\/09\/DSC_7331.jpg 1200w\" sizes=\"(max-width: 767px) 89vw, (max-width: 1000px) 54vw, (max-width: 1071px) 543px, 580px\" \/><\/figure>\n\n\n\n<figure class=\"wp-block-image size-large\"><img loading=\"lazy\" width=\"798\" height=\"1024\" src=\"https:\/\/new.pension-anna.cz\/wp-content\/uploads\/2020\/09\/VE0T9915-798x1024.jpg\" alt=\"\" class=\"wp-image-316\" srcset=\"https:\/\/new.pension-anna.cz\/wp-content\/uploads\/2020\/09\/VE0T9915-798x1024.jpg 798w, https:\/\/new.pension-anna.cz\/wp-content\/uploads\/2020\/09\/VE0T9915-234x300.jpg 234w, https:\/\/new.pension-anna.cz\/wp-content\/uploads\/2020\/09\/VE0T9915-768x986.jpg 768w, https:\/\/new.pension-anna.cz\/wp-content\/uploads\/2020\/09\/VE0T9915-1197x1536.jpg 1197w, https:\/\/new.pension-anna.cz\/wp-content\/uploads\/2020\/09\/VE0T9915-1595x2048.jpg 1595w, https:\/\/new.pension-anna.cz\/wp-content\/uploads\/2020\/09\/VE0T9915-scaled.jpg 1994w\" sizes=\"(max-width: 767px) 89vw, (max-width: 1000px) 54vw, (max-width: 1071px) 543px, 580px\" \/><\/figure>\n\n\n\n<figure class=\"wp-block-image size-large\"><img loading=\"lazy\" width=\"1024\" height=\"683\" src=\"https:\/\/new.pension-anna.cz\/wp-content\/uploads\/2020\/09\/DSC_7352-1024x683.jpg\" alt=\"\" class=\"wp-image-318\" srcset=\"https:\/\/new.pension-anna.cz\/wp-content\/uploads\/2020\/09\/DSC_7352-1024x683.jpg 1024w, https:\/\/new.pension-anna.cz\/wp-content\/uploads\/2020\/09\/DSC_7352-300x200.jpg 300w, https:\/\/new.pension-anna.cz\/wp-content\/uploads\/2020\/09\/DSC_7352-768x512.jpg 768w, https:\/\/new.pension-anna.cz\/wp-content\/uploads\/2020\/09\/DSC_7352.jpg 1200w\" sizes=\"(max-width: 767px) 89vw, (max-width: 1000px) 54vw, (max-width: 1071px) 543px, 580px\" \/><\/figure>\n\n\n\n<figure class=\"wp-block-image size-large\"><img loading=\"lazy\" width=\"1024\" height=\"685\" src=\"https:\/\/new.pension-anna.cz\/wp-content\/uploads\/2020\/09\/DSC_7358-1024x685.jpg\" alt=\"\" class=\"wp-image-319\" srcset=\"https:\/\/new.pension-anna.cz\/wp-content\/uploads\/2020\/09\/DSC_7358-1024x685.jpg 1024w, https:\/\/new.pension-anna.cz\/wp-content\/uploads\/2020\/09\/DSC_7358-300x201.jpg 300w, https:\/\/new.pension-anna.cz\/wp-content\/uploads\/2020\/09\/DSC_7358-768x514.jpg 768w, https:\/\/new.pension-anna.cz\/wp-content\/uploads\/2020\/09\/DSC_7358.jpg 1200w\" sizes=\"(max-width: 767px) 89vw, (max-width: 1000px) 54vw, (max-width: 1071px) 543px, 580px\" \/><\/figure>\n\n\n\n<figure class=\"wp-block-image size-large\"><img loading=\"lazy\" width=\"1024\" height=\"685\" src=\"https:\/\/new.pension-anna.cz\/wp-content\/uploads\/2020\/09\/DSC_7379-1024x685.jpg\" alt=\"\" class=\"wp-image-320\" srcset=\"https:\/\/new.pension-anna.cz\/wp-content\/uploads\/2020\/09\/DSC_7379-1024x685.jpg 1024w, https:\/\/new.pension-anna.cz\/wp-content\/uploads\/2020\/09\/DSC_7379-300x201.jpg 300w, https:\/\/new.pension-anna.cz\/wp-content\/uploads\/2020\/09\/DSC_7379-768x514.jpg 768w, https:\/\/new.pension-anna.cz\/wp-content\/uploads\/2020\/09\/DSC_7379.jpg 1200w\" sizes=\"(max-width: 767px) 89vw, (max-width: 1000px) 54vw, (max-width: 1071px) 543px, 580px\" \/><\/figure>\n\n\n\n<figure class=\"wp-block-image size-large\"><img loading=\"lazy\" width=\"1024\" height=\"685\" src=\"https:\/\/new.pension-anna.cz\/wp-content\/uploads\/2020\/09\/DSC_7384-1024x685.jpg\" alt=\"\" class=\"wp-image-321\" srcset=\"https:\/\/new.pension-anna.cz\/wp-content\/uploads\/2020\/09\/DSC_7384-1024x685.jpg 1024w, https:\/\/new.pension-anna.cz\/wp-content\/uploads\/2020\/09\/DSC_7384-300x201.jpg 300w, https:\/\/new.pension-anna.cz\/wp-content\/uploads\/2020\/09\/DSC_7384-768x514.jpg 768w, https:\/\/new.pension-anna.cz\/wp-content\/uploads\/2020\/09\/DSC_7384.jpg 1200w\" sizes=\"(max-width: 767px) 89vw, (max-width: 1000px) 54vw, (max-width: 1071px) 543px, 580px\" \/><\/figure>\n\n\n\n<figure class=\"wp-block-image size-large is-resized\"><img loading=\"lazy\" src=\"https:\/\/new.pension-anna.cz\/wp-content\/uploads\/2020\/09\/DSC_7393-1024x685.jpg\" alt=\"\" class=\"wp-image-322\" width=\"681\" height=\"455\" srcset=\"https:\/\/new.pension-anna.cz\/wp-content\/uploads\/2020\/09\/DSC_7393-1024x685.jpg 1024w, https:\/\/new.pension-anna.cz\/wp-content\/uploads\/2020\/09\/DSC_7393-300x201.jpg 300w, https:\/\/new.pension-anna.cz\/wp-content\/uploads\/2020\/09\/DSC_7393-768x514.jpg 768w, https:\/\/new.pension-anna.cz\/wp-content\/uploads\/2020\/09\/DSC_7393.jpg 1200w\" sizes=\"(max-width: 681px) 100vw, 681px\" \/><figcaption><img src=\"https:\/\/new.pension-anna.cz\/wp-content\/uploads\/2020\/09\/VE0T9818-1024x677.jpg\" alt=\"Tento obr\u00e1zek nem\u00e1 vypln\u011bn\u00fd atribut alt; n\u00e1zev souboru je VE0T9818-1024x677.jpg.\"><\/figcaption><\/figure>\n\n\n\n<figure class=\"wp-block-image size-large\"><img loading=\"lazy\" width=\"683\" height=\"1024\" src=\"https:\/\/new.pension-anna.cz\/wp-content\/uploads\/2020\/09\/VE0T9823-683x1024.jpg\" alt=\"\" class=\"wp-image-323\" srcset=\"https:\/\/new.pension-anna.cz\/wp-content\/uploads\/2020\/09\/VE0T9823-683x1024.jpg 683w, https:\/\/new.pension-anna.cz\/wp-content\/uploads\/2020\/09\/VE0T9823-200x300.jpg 200w, https:\/\/new.pension-anna.cz\/wp-content\/uploads\/2020\/09\/VE0T9823-768x1152.jpg 768w, https:\/\/new.pension-anna.cz\/wp-content\/uploads\/2020\/09\/VE0T9823-1024x1536.jpg 1024w, https:\/\/new.pension-anna.cz\/wp-content\/uploads\/2020\/09\/VE0T9823-1365x2048.jpg 1365w, https:\/\/new.pension-anna.cz\/wp-content\/uploads\/2020\/09\/VE0T9823-scaled.jpg 1707w\" sizes=\"(max-width: 683px) 100vw, 683px\" \/><\/figure>\n\n\n\n<figure class=\"wp-block-image size-large\"><img loading=\"lazy\" width=\"1024\" height=\"683\" src=\"https:\/\/new.pension-anna.cz\/wp-content\/uploads\/2020\/09\/VE0T9824-1024x683.jpg\" alt=\"\" class=\"wp-image-324\" srcset=\"https:\/\/new.pension-anna.cz\/wp-content\/uploads\/2020\/09\/VE0T9824-1024x683.jpg 1024w, https:\/\/new.pension-anna.cz\/wp-content\/uploads\/2020\/09\/VE0T9824-300x200.jpg 300w, https:\/\/new.pension-anna.cz\/wp-content\/uploads\/2020\/09\/VE0T9824-768x512.jpg 768w, https:\/\/new.pension-anna.cz\/wp-content\/uploads\/2020\/09\/VE0T9824-1536x1024.jpg 1536w, https:\/\/new.pension-anna.cz\/wp-content\/uploads\/2020\/09\/VE0T9824-2048x1365.jpg 2048w\" sizes=\"(max-width: 767px) 89vw, (max-width: 1000px) 54vw, (max-width: 1071px) 543px, 580px\" \/><\/figure>\n\n\n\n<figure class=\"wp-block-image size-large\"><img loading=\"lazy\" width=\"1024\" height=\"683\" src=\"https:\/\/new.pension-anna.cz\/wp-content\/uploads\/2020\/09\/VE0T9858-1024x683.jpg\" alt=\"\" class=\"wp-image-325\" srcset=\"https:\/\/new.pension-anna.cz\/wp-content\/uploads\/2020\/09\/VE0T9858-1024x683.jpg 1024w, https:\/\/new.pension-anna.cz\/wp-content\/uploads\/2020\/09\/VE0T9858-300x200.jpg 300w, https:\/\/new.pension-anna.cz\/wp-content\/uploads\/2020\/09\/VE0T9858-768x512.jpg 768w, https:\/\/new.pension-anna.cz\/wp-content\/uploads\/2020\/09\/VE0T9858-1536x1024.jpg 1536w, https:\/\/new.pension-anna.cz\/wp-content\/uploads\/2020\/09\/VE0T9858-2048x1365.jpg 2048w\" sizes=\"(max-width: 767px) 89vw, (max-width: 1000px) 54vw, (max-width: 1071px) 543px, 580px\" \/><\/figure>\n\n\n\n<figure class=\"wp-block-image size-large\"><img loading=\"lazy\" width=\"1024\" height=\"685\" src=\"https:\/\/new.pension-anna.cz\/wp-content\/uploads\/2020\/09\/DSC_7408-1024x685.jpg\" alt=\"\" class=\"wp-image-326\" srcset=\"https:\/\/new.pension-anna.cz\/wp-content\/uploads\/2020\/09\/DSC_7408-1024x685.jpg 1024w, https:\/\/new.pension-anna.cz\/wp-content\/uploads\/2020\/09\/DSC_7408-300x201.jpg 300w, https:\/\/new.pension-anna.cz\/wp-content\/uploads\/2020\/09\/DSC_7408-768x514.jpg 768w, https:\/\/new.pension-anna.cz\/wp-content\/uploads\/2020\/09\/DSC_7408.jpg 1200w\" sizes=\"(max-width: 767px) 89vw, (max-width: 1000px) 54vw, (max-width: 1071px) 543px, 580px\" \/><\/figure>\n\n\n\n<figure class=\"wp-block-image size-large\"><img loading=\"lazy\" width=\"1024\" height=\"685\" src=\"https:\/\/new.pension-anna.cz\/wp-content\/uploads\/2020\/09\/DSC_7413-1024x685.jpg\" alt=\"\" class=\"wp-image-327\" srcset=\"https:\/\/new.pension-anna.cz\/wp-content\/uploads\/2020\/09\/DSC_7413-1024x685.jpg 1024w, https:\/\/new.pension-anna.cz\/wp-content\/uploads\/2020\/09\/DSC_7413-300x201.jpg 300w, https:\/\/new.pension-anna.cz\/wp-content\/uploads\/2020\/09\/DSC_7413-768x514.jpg 768w, https:\/\/new.pension-anna.cz\/wp-content\/uploads\/2020\/09\/DSC_7413-1536x1028.jpg 1536w, https:\/\/new.pension-anna.cz\/wp-content\/uploads\/2020\/09\/DSC_7413.jpg 1600w\" sizes=\"(max-width: 767px) 89vw, (max-width: 1000px) 54vw, (max-width: 1071px) 543px, 580px\" \/><\/figure>\n\n\n\n<figure class=\"wp-block-image size-large\"><img loading=\"lazy\" width=\"1024\" height=\"683\" src=\"https:\/\/new.pension-anna.cz\/wp-content\/uploads\/2020\/09\/VE0T9941-1024x683.jpg\" alt=\"\" class=\"wp-image-328\" srcset=\"https:\/\/new.pension-anna.cz\/wp-content\/uploads\/2020\/09\/VE0T9941-1024x683.jpg 1024w, https:\/\/new.pension-anna.cz\/wp-content\/uploads\/2020\/09\/VE0T9941-300x200.jpg 300w, https:\/\/new.pension-anna.cz\/wp-content\/uploads\/2020\/09\/VE0T9941-768x512.jpg 768w, https:\/\/new.pension-anna.cz\/wp-content\/uploads\/2020\/09\/VE0T9941-1536x1024.jpg 1536w, https:\/\/new.pension-anna.cz\/wp-content\/uploads\/2020\/09\/VE0T9941-2048x1365.jpg 2048w\" sizes=\"(max-width: 767px) 89vw, (max-width: 1000px) 54vw, (max-width: 1071px) 543px, 580px\" \/><\/figure>\n","protected":false},"excerpt":{"rendered":"<p>Pension Anna \u0160pindler\u016fv Ml\u00fdn v\u00e1m nab\u00edz\u00ed ubytov\u00e1n\u00ed v osmi dvoul\u016f\u017ekov\u00fdch pokoj\u00edch s mo\u017enost\u00ed jedn\u00e9 nebo dvou p\u0159ist\u00fdlek. Pokoje jsou standardn\u011b vybaveny sprchou, WC, f\u00e9nem, satelitn\u00ed televiz\u00ed, chladni\u010dkou a trezorem. Bezplatn\u00e9 p\u0159ipojen\u00ed k internetu &#8211; WIFI. V cen\u011b ubytov\u00e1n\u00ed je zahrnuta dobr\u00e1 bufetov\u00e1 sn\u00eddan\u011b od 8:00 do 9:30. Celoro\u010dn\u011b je mo\u017en\u00e9 u\u017e\u00edvat parkovac\u00ed m\u00edsta p\u0159ed pensionem. &hellip; <\/p>\n<p class=\"link-more\"><a href=\"https:\/\/new.pension-anna.cz\/index.php\/nabidka-ubytovani\/\" class=\"more-link\">Pokra\u010dovat ve \u010dten\u00ed<span class=\"screen-reader-text\"> &#8222;Nab\u00eddka ubytov\u00e1n\u00ed&#8220;<\/span><\/a><\/p>\n","protected":false},"author":1,"featured_media":0,"parent":0,"menu_order":0,"comment_status":"closed","ping_status":"closed","template":"","meta":[],"_links":{"self":[{"href":"https:\/\/new.pension-anna.cz\/index.php\/wp-json\/wp\/v2\/pages\/58"}],"collection":[{"href":"https:\/\/new.pension-anna.cz\/index.php\/wp-json\/wp\/v2\/pages"}],"about":[{"href":"https:\/\/new.pension-anna.cz\/index.php\/wp-json\/wp\/v2\/types\/page"}],"author":[{"embeddable":true,"href":"https:\/\/new.pension-anna.cz\/index.php\/wp-json\/wp\/v2\/users\/1"}],"replies":[{"embeddable":true,"href":"https:\/\/new.pension-anna.cz\/index.php\/wp-json\/wp\/v2\/comments?post=58"}],"version-history":[{"count":4,"href":"https:\/\/new.pension-anna.cz\/index.php\/wp-json\/wp\/v2\/pages\/58\/revisions"}],"predecessor-version":[{"id":460,"href":"https:\/\/new.pension-anna.cz\/index.php\/wp-json\/wp\/v2\/pages\/58\/revisions\/460"}],"wp:attachment":[{"href":"https:\/\/new.pension-anna.cz\/index.php\/wp-json\/wp\/v2\/media?parent=58"}],"curies":[{"name":"wp","href":"https:\/\/api.w.org\/{rel}","templated":true}]}}