{"id":82,"date":"2020-05-14T09:06:06","date_gmt":"2020-05-14T07:06:06","guid":{"rendered":"https:\/\/new.pension-anna.cz\/?page_id=82"},"modified":"2023-08-31T16:50:53","modified_gmt":"2023-08-31T14:50:53","slug":"cenik-ubytovani","status":"publish","type":"page","link":"https:\/\/new.pension-anna.cz\/index.php\/cenik-ubytovani\/","title":{"rendered":"Cen\u00edk ubytov\u00e1n\u00ed v\u010detn\u011b sn\u00eddan\u011b"},"content":{"rendered":"\n<p><strong>Cenu za ubytov\u00e1n\u00ed<\/strong>&nbsp;zjist\u00edte vybr\u00e1n\u00edm ur\u010dit\u00e9ho&nbsp;<strong>pokoje nebo apartm\u00e1nu<\/strong>&nbsp;v konkr\u00e9tn\u00edm term\u00ednu na odkazu n\u00ed\u017ee. Orienta\u010dn\u011b se cena pohybuje dle sezony&nbsp;<strong>od 610,- K\u010d \/ noc \/ osoba<\/strong>.<\/p>\n\n\n\n<h2 class=\"has-text-align-center\"><a rel=\"noreferrer noopener\" href=\"https:\/\/booking.previo.cz\/index\/step-1\/?hotId=9606&amp;currency=CZK&amp;lang=cs&amp;redirectType=iframe&amp;PHPSESSID=6b23abkkhie6df9ducq173pe0o\" target=\"_blank\"><strong>AKTU\u00c1LN\u00cd CENA ZDE<\/strong><\/a><\/h2>\n\n\n\n<p><\/p>\n\n\n\n<p>FKSP &#8211; Na\u0161i host\u00e9 maj\u00ed mo\u017enost \u010derpat celou nebo pouze \u010d\u00e1st \u010d\u00e1stky z fondu FKSP sv\u00e9ho zam\u011bstnavatele k \u00fahrad\u011b sv\u00e9ho ubytov\u00e1n\u00ed v pensionu ANNA. V p\u0159\u00edpad\u011b z\u00e1jmu n\u00e1s kontaktujte na recep\u010dn\u00edm telefonu +420 603 449 881. Doklady pot\u0159ebn\u00e9 k \u010derp\u00e1n\u00ed z fondu FKSP v\u00e1m r\u00e1di p\u0159iprav\u00edme obratem. Tuto mo\u017enost vyu\u017e\u00edv\u00e1 ji\u017e hodn\u011b na\u0161ich klient\u016f.<\/p>\n\n\n\n<h2 class=\"has-black-color has-text-color\"><\/h2>\n\n\n\n<p>V&nbsp;cen\u011b nen\u00ed zahrnuto: Rekrea\u010dn\u00ed poplatek 18 &#8211; 70 let &#8211; 30,-K\u010d\/osoba\/den<\/p>\n\n\n\n<p><strong>Dom\u00e1c\u00ed mazl\u00ed\u010dci<\/strong> &#8211; na potvrzen\u00ed recepce (akceptujeme psi do st\u0159edn\u00ed velikosti &#8211; do 12 kg)<\/p>\n\n\n\n<p><strong>P\u0159i rezervaci na jednu noc je k cen\u011b po\u010d\u00edt\u00e1n p\u0159\u00edplatek 100,-K\u010d\/osoba\/noc.<\/strong> <\/p>\n\n\n\n<p>V den p\u0159\u00edjezdu je check-in  14:00 &#8211; 20:00 hodin. Pozd\u011bj\u0161\u00ed p\u0159\u00edjezd mo\u017en\u00fd po potvrzen\u00ed recepc\u00ed.<\/p>\n\n\n\n<p>V den odjezdu je check-out do 10:00 hodin.<\/p>\n\n\n\n<p><strong>Ceny jsou orienta\u010dn\u00ed<\/strong>&nbsp;&#8211; stanoveny dohodou v\u010detn\u011b p\u0159\u00edslu\u0161n\u00e9 DPH. <\/p>\n\n\n\n<p>Skupinov\u00e1 nebo rodinn\u00e1 sleva&nbsp;mo\u017en\u00e1 na dotaz v recepci pensionu ANNA.<\/p>\n\n\n\n<p><\/p>\n","protected":false},"excerpt":{"rendered":"<p>Cenu za ubytov\u00e1n\u00ed&nbsp;zjist\u00edte vybr\u00e1n\u00edm ur\u010dit\u00e9ho&nbsp;pokoje nebo apartm\u00e1nu&nbsp;v konkr\u00e9tn\u00edm term\u00ednu na odkazu n\u00ed\u017ee. Orienta\u010dn\u011b se cena pohybuje dle sezony&nbsp;od 610,- K\u010d \/ noc \/ osoba. AKTU\u00c1LN\u00cd CENA ZDE FKSP &#8211; Na\u0161i host\u00e9 maj\u00ed mo\u017enost \u010derpat celou nebo pouze \u010d\u00e1st \u010d\u00e1stky z fondu FKSP sv\u00e9ho zam\u011bstnavatele k \u00fahrad\u011b sv\u00e9ho ubytov\u00e1n\u00ed v pensionu ANNA. V p\u0159\u00edpad\u011b z\u00e1jmu n\u00e1s &hellip; <\/p>\n<p class=\"link-more\"><a href=\"https:\/\/new.pension-anna.cz\/index.php\/cenik-ubytovani\/\" class=\"more-link\">Pokra\u010dovat ve \u010dten\u00ed<span class=\"screen-reader-text\"> &#8222;Cen\u00edk ubytov\u00e1n\u00ed v\u010detn\u011b sn\u00eddan\u011b&#8220;<\/span><\/a><\/p>\n","protected":false},"author":1,"featured_media":0,"parent":0,"menu_order":0,"comment_status":"closed","ping_status":"closed","template":"","meta":[],"_links":{"self":[{"href":"https:\/\/new.pension-anna.cz\/index.php\/wp-json\/wp\/v2\/pages\/82"}],"collection":[{"href":"https:\/\/new.pension-anna.cz\/index.php\/wp-json\/wp\/v2\/pages"}],"about":[{"href":"https:\/\/new.pension-anna.cz\/index.php\/wp-json\/wp\/v2\/types\/page"}],"author":[{"embeddable":true,"href":"https:\/\/new.pension-anna.cz\/index.php\/wp-json\/wp\/v2\/users\/1"}],"replies":[{"embeddable":true,"href":"https:\/\/new.pension-anna.cz\/index.php\/wp-json\/wp\/v2\/comments?post=82"}],"version-history":[{"count":27,"href":"https:\/\/new.pension-anna.cz\/index.php\/wp-json\/wp\/v2\/pages\/82\/revisions"}],"predecessor-version":[{"id":491,"href":"https:\/\/new.pension-anna.cz\/index.php\/wp-json\/wp\/v2\/pages\/82\/revisions\/491"}],"wp:attachment":[{"href":"https:\/\/new.pension-anna.cz\/index.php\/wp-json\/wp\/v2\/media?parent=82"}],"curies":[{"name":"wp","href":"https:\/\/api.w.org\/{rel}","templated":true}]}}