{"id":88,"date":"2020-05-14T09:10:10","date_gmt":"2020-05-14T07:10:10","guid":{"rendered":"https:\/\/new.pension-anna.cz\/?page_id=88"},"modified":"2020-09-29T18:45:57","modified_gmt":"2020-09-29T16:45:57","slug":"krkonose-a-okoli","status":"publish","type":"page","link":"https:\/\/new.pension-anna.cz\/index.php\/krkonose-a-okoli\/","title":{"rendered":"Krkono\u0161e a okol\u00ed"},"content":{"rendered":"\n<figure class=\"wp-block-image size-large\"><img loading=\"lazy\" width=\"1024\" height=\"683\" src=\"https:\/\/new.pension-anna.cz\/wp-content\/uploads\/2020\/09\/VE0T0302-1-1024x683.jpg\" alt=\"\" class=\"wp-image-274\" srcset=\"https:\/\/new.pension-anna.cz\/wp-content\/uploads\/2020\/09\/VE0T0302-1-1024x683.jpg 1024w, https:\/\/new.pension-anna.cz\/wp-content\/uploads\/2020\/09\/VE0T0302-1-300x200.jpg 300w, https:\/\/new.pension-anna.cz\/wp-content\/uploads\/2020\/09\/VE0T0302-1-768x512.jpg 768w, https:\/\/new.pension-anna.cz\/wp-content\/uploads\/2020\/09\/VE0T0302-1-1536x1024.jpg 1536w, https:\/\/new.pension-anna.cz\/wp-content\/uploads\/2020\/09\/VE0T0302-1-2048x1365.jpg 2048w\" sizes=\"(max-width: 767px) 89vw, (max-width: 1000px) 54vw, (max-width: 1071px) 543px, 580px\" \/><\/figure>\n\n\n\n<p><strong>&nbsp;<strong>\u0160PINDLER\u016eV ML\u00ddN &#8211; PERLA KRKONO\u0160<\/strong><\/strong><\/p>\n\n\n\n<figure class=\"wp-block-table\"><table><tbody><tr><td><strong>V L\u00c9T\u011a NAB\u00cdZ\u00cd<\/strong><br><br>180 km turistick\u00fdch cest<br>nau\u010dn\u00e9 stezky<br>lanov\u00e9 dr\u00e1hy<br>v\u00fdlety s pr\u016fvodci<br>10 tenisov\u00fdch kurt\u016f<br>letn\u00ed bobov\u00e1 dr\u00e1ha<br>summertubing<br>jogging, ryba\u0159en\u00ed, mini-golf<br>cykloturistick\u00e9 trasy<br>p\u016fj\u010dovny kol<br>jezdeck\u00e1 \u0161kola<br>paragliding<br>p\u016fj\u010dovna lod\u011bk<br>ko\u010d\u00e1ry s ko\u0148sk\u00fdm sp\u0159e\u017een\u00edm<br>autokarov\u00e9 z\u00e1jezdy<br>promen\u00e1dn\u00ed koncerty, v\u00fdstavy<br>d\u011btsk\u00e1 h\u0159i\u0161t\u011b<br>lanov\u00fd park<br>aqupark<br>baz\u00e9ny a wellness<\/td><td><strong>V ZIM\u011a NAB\u00cdZ\u00cd<\/strong><br>lanov\u00e9 dr\u00e1hy a 20 vlek\u016f<br>ly\u017ea\u0159sk\u00e9 \u0161koly<br>d\u011btsk\u00e9 ly\u017ea\u0159sk\u00e9 \u0161koli\u010dky<br>25 km sjezdov\u00fdch trat\u00ed<br>70 km b\u011b\u017eeck\u00fdch trat\u00ed<br>130 km h\u0159ebenov\u00fdch cest<br>ski-alpinning<br>zimn\u00ed p\u011b\u0161\u00ed turistika<br>opravny a p\u016fj\u010dovny ly\u017e\u00ed<br>snowtubing<br>snowpark pro snowboardisty<br>4 km s\u00e1\u0148ka\u0159sk\u00e9 dr\u00e1hy<br>san\u011b ta\u017een\u00e9 ko\u0148mi<br>bruslen\u00ed<br>baz\u00e9ny a wellness<br>aquapark <br>p\u016fj\u010dovna sn\u011b\u017en\u00fdch sk\u00fatr\u016f <br>halov\u00e9 tenisov\u00e9 kurty<br><\/td><\/tr><tr><td><\/td><td><\/td><\/tr><\/tbody><\/table><figcaption><br>Centrum \u0160pindlerova Ml\u00fdna le\u017e\u00ed na soutoku \u0159eky Labe s Dolsk\u00fdm potokem. M\u011bsto je chr\u00e1n\u011bn\u00e9 ze v\u0161ech stran horsk\u00fdmi p\u00e1smy: Koz\u00edmi h\u0159bety, Pl\u00e1n\u011bmi, Krkono\u0161em a vrchem Medv\u011bd\u00edn.<br><br>Krkono\u0161e se sv\u00fdmi hlubok\u00fdmi lesy tvo\u0159ily sou\u010d\u00e1st Kr\u00e1lovstv\u00ed \u010desk\u00e9ho. Od neolitu byly os\u00eddleny slovansk\u00fdmi kmeny. Ji\u017e v r.1241 bylo benedikt\u00fdny zalo\u017eeno vrchlabsk\u00e9 probo\u0161tstv\u00ed. P\u0159es h\u0159ebeny vedly dv\u011b v\u00fdznamn\u00e9 obchodn\u00ed stezky. Objeven\u00ed rud a drah\u00fdch kamen\u016f v 16. stol. p\u0159il\u00e1kalo mnoho cizinc\u016f &#8211; vznikla i legenda o Krakono\u0161ovi. Dolov\u00e1n\u00ed sem p\u0159ivedlo i d\u016fln\u00edho odborn\u00edka Kry\u0161tofa z Gendorfu, podporovan\u00e9ho Habsburky, kter\u00fd ovl\u00e1dl cel\u00e9 \u00fazem\u00ed Krkono\u0161. Nam\u00edsto star\u00e9 tvrze si ve Vrchlab\u00ed r. 1548 postavil zn\u00e1m\u00fd z\u00e1mek se \u010dty\u0159mi rohov\u00fdmi v\u011b\u017ei\u010dkami. Pro doly za\u010dal k\u00e1cet lesy, nakonec d\u0159evem z\u00e1soboval i kutnohorsk\u00e9 doly. S dolov\u00e1n\u00edm se roz\u0161\u00ed\u0159ilo i skl\u00e1\u0159stv\u00ed &#8211; dodnes jsou sv\u011btozn\u00e1m\u00e9 skl\u00e1rny v Harrachov\u011b. S \u00fapadkem dolov\u00e1n\u00ed se na vyk\u00e1cen\u00fdch holin\u00e1ch vyv\u00edjelo budn\u00ed hospod\u00e1\u0159stv\u00ed, vznikla Lu\u010dn\u00ed bouda, Martinovka a Br\u00e1dlerovy boudy. Po t\u0159icetilet\u00e9 v\u00e1lce zde vl\u00e1dl Albrecht z Vald\u0161tejna, po jeho zavra\u017ed\u011bn\u00ed Morzinov\u00e9. Vrcholn\u00fdm aktem protireformace bylo postaven\u00ed a vysv\u011bcen\u00ed kaple Sv. Vav\u0159ince na Sn\u011b\u017ece r. 1681 a vysv\u011bcen\u00ed Labsk\u00e9ho pramene r. 1684. Upravily se hranice se Slezskem, z\u00e1padn\u00ed \u010d\u00e1st ovl\u00e1dl \u010desk\u00fd hrab\u011b Harrach.<br><br><br><br>Po\u010d\u00e1tkem 18. stolet\u00ed byly snahy o vzk\u0159\u00ed\u0161en\u00ed dol\u016f. Ve Sv. Petru pracovalo a\u017e na 50 horn\u00edk\u016f, kte\u0159\u00ed se sch\u00e1zeli u mlyn\u00e1\u0159e \u0160pindlera. Prosadila se stavba kostel\u00edka Sv. Petra &#8211; ochr\u00e1nce kovkop\u016f a hutn\u00edk\u016f &#8211; r. 1793 byl vysv\u011bcen, a bylo zalo\u017eeno m\u011bsto \u0160pindler\u016fv Ml\u00fdn. S\u00e1m ml\u00fdn pro obt\u00ed\u017enost dopravy pozd\u011bji zanikl a tak\u00e9 doly ukon\u010dily svou \u010dinnost. Lid\u00e9 se za\u010dali st\u011bhovat do hor, p\u0159ibyly boudy \u0160pindlerovy, Petrovka, Davidova, Pudlova, star\u00e9 Erlebachovy, Rennerovy a dal\u0161\u00ed se p\u0159estavovaly na celoro\u010dn\u00ed ob\u00fdv\u00e1n\u00ed a za\u010dalo se tkalcovat. Po zru\u0161en\u00ed nevolnictv\u00ed se z obyvatel stali n\u00e1jemci a past\u00fd\u0159i, p\u011bstovali dobytek a kozy. Kdy\u017e se systematicky za\u010daly obnovovat lesy, dostalo budn\u00ed hospod\u00e1\u0159stv\u00ed p\u0159\u00edsn\u00e1 pravidla. Nov\u00e1 m\u00f3dn\u00ed vlna n\u00e1vratu k p\u0159\u00edrod\u011b (J.J.Rousseau) p\u0159ivedla do hor prvn\u00ed n\u00e1v\u0161t\u011bvn\u00edky, zprvu bohatou vrstvu, pozd\u011bji i \u0161ir\u0161\u00ed ve\u0159ejnost. Z bud se pomalu st\u00e1vala hostinsk\u00e1 za\u0159\u00edzen\u00ed, s lesy se roz\u0161\u00ed\u0159ila i myslivost. \u00a0<br>Zn\u00e1m\u00e9 se staly zimn\u00ed j\u00edzdy na san\u00edch roha\u010dk\u00e1ch zprvu od Slezsk\u00e9ho sedla do Kowar, pozd\u011bji i do \u0160pindlerova Ml\u00fdna. Harrach\u016fv n\u00e1pad vybavit hajn\u00e9 ski z Norska dal z\u00e1klad ly\u017eov\u00e1n\u00ed v Krkono\u0161\u00edch. Nakonec se domorodci se ct\u00ed ujali i jejich v\u00fdroby, jesenov\u00fd perk\u00fdnka se stala sou\u010d\u00e1st\u00ed \u017eivota horal\u016f. Zakl\u00e1daly se sportovn\u00ed spolky, po\u0159\u00e1daly se z\u00e1vody. Nejzn\u00e1m\u011bj\u0161\u00ed s tragick\u00fdm koncem pro z\u00e1vodn\u00edka B.Han\u010de a p\u0159\u00edtele Vrbatu se odehr\u00e1l v b\u0159eznu r. 1913. Mohyla na pam\u00e1tku odvahy a p\u0159\u00e1telstv\u00ed stoj\u00ed pobl\u00ed\u017e m\u00edsta trag\u00e9die na Krkono\u0161i u Vrbatovy boudy. \u00a0Budn\u00ed hospod\u00e1\u0159stv\u00ed zanikalo a boudy za\u010daly slou\u017eit turistice. Proti povodn\u00edm na Labi byla r. 1914 dostav\u011bna \u00fadoln\u00ed p\u0159ehrada u \u0160pindlerova Ml\u00fdna. Vznikem \u010ceskoslovenska po I. sv\u011btov\u00e9 v\u00e1lce se n\u011bmeck\u00e1 bur\u017eoasie cht\u011bla separovat, ale pohrani\u010d\u00ed bylo obsazeno \u010deskoslovenskou arm\u00e1dou, lesy v\u011bt\u0161inou zest\u00e1tn\u011bny a Klub \u010desk\u00fdch turist\u016f prosazoval do Krkono\u0161 \u010desk\u00fd \u017eivel. S hrozbou nacismu se za\u010daly budovat na hrani\u010dn\u00edm h\u0159ebeni pevn\u016fstky pro obranu, z toho d\u016fvodu byla vybudov\u00e1na r. 1936 vysokohorsk\u00e1 silnice: Hraba\u010dov u Jilemnice &#8211; Krkono\u0161 u Vrbatovy boudy (1400 m n.m.), kter\u00e1 v l\u00e9t\u011b slou\u017e\u00ed kyvadlov\u00e9 doprav\u011b dodnes. Dnes slou\u017e\u00ed v\u0161em n\u00e1v\u0161t\u011bvn\u00edk\u016fm ubytovac\u00ed za\u0159\u00edzen\u00ed po cel\u00fdch Krkono\u0161\u00edch.<br><br><em><strong>V l\u00e9t\u011b<\/strong> V\u00e1s zvou na v\u00fdlety tich\u00e1 \u00fadol\u00ed i kr\u00e1sn\u00e9 pohledy z h\u0159eben\u016f od Pomezn\u00edch bud a\u017e k Harrachovu a na z\u00e1pad\u011b z hrani\u010dn\u00ed \u010desko-polsk\u00e9 cesty. Krkono\u0161e jsou protk\u00e1ny zna\u010den\u00fdmi turistick\u00fdmi cestami vhodn\u00fdmi pro v\u0161echny v\u011bkov\u00e9 kategorie. Na n\u011bkter\u00e9 vrcholy jezd\u00ed seda\u010dkov\u00e9 lanovky, umo\u017e\u0148uj\u00edc\u00ed pohled na hory i m\u00e9n\u011b zdatn\u00fdm turist\u016fm. Nejobl\u00edben\u011bj\u0161\u00ed jsou v\u00fdlety k prameni \u0159eky Labe, kter\u00e1 \u00fast\u00ed v n\u011bmeck\u00e9m Hamburgu, ale i na nejvy\u0161\u0161\u00ed horu \u010cesk\u00e9 republiky &#8211; Na Sn\u011b\u017eku (1602 m n.m.). \u0160pindler\u016fv Ml\u00fdn nab\u00edz\u00ed krom\u011b restaurac\u00ed a vin\u00e1ren a bar\u016f i tane\u010dn\u00ed ve\u010dery a diskot\u00e9ky, hotelov\u00e9 baz\u00e9ny, tenisov\u00e9 kurty, fit centrum, sauny, ku\u017eelky, squash, st\u0159elbu, ale i lo\u010fky na p\u0159ehrad\u011b, ryba\u0159en\u00ed. Jsou zde rozs\u00e1hl\u00e1 parkovi\u0161t\u011b, taxi, ko\u0148sk\u00e1 sp\u0159e\u017een\u00ed, p\u016fj\u010dovny kol.<\/em><br><br><em><strong>Zimn\u00ed sez\u00f3na<\/strong> ve \u0160pindlerov\u011b Ml\u00fdn\u011b trv\u00e1 v\u011bt\u0161inou od prosince do dubna. \u0160pindler\u016fv Ml\u00fdn m\u00e1 sv\u00e9 specifick\u00e9 klima. Sjezdovky jsou denn\u011b upravovan\u00e9, a ve Sv. Petru i na Medv\u011bd\u00edn\u011b um\u011ble zasn\u011b\u017eovan\u00e9, vhodn\u00e9 pro pokro\u010dil\u00e9, za\u010d\u00e1te\u010dn\u00edky i d\u011bti. Ly\u017ea\u0159sk\u00e9 \u0161koly poskytuj\u00ed v\u00fduku, p\u016fj\u010dovny a prodejny nab\u00edz\u00ed cel\u00e9 sportovn\u00ed vybaven\u00ed. Po\u0159\u00e1daj\u00ed se zde mezin\u00e1rodn\u00ed z\u00e1vody. Sv\u016fj snowpark zde maj\u00ed snowboardist\u00e9. Spojen\u00ed mezi skistadiony Sv. Petrem a Medv\u011bd\u00ednem zaji\u0161\u0165uj\u00ed skibusy. Okol\u00ed \u0160pindlerova Ml\u00fdna nab\u00edz\u00ed ter\u00e9ny pro zimn\u00ed turistiku a b\u011bh na ly\u017e\u00edch bez rozd\u00edlu v\u011bku a umu. Krom\u011b zna\u010den\u00fdch cest jsou upravovan\u00e9 b\u011b\u017eeck\u00e9 stopy r\u016fzn\u00fdch kilometr\u00e1\u017e\u00ed. V provozu jsou seda\u010dkov\u00e9 lanovky a ly\u017ea\u0159sk\u00e9 vleky. I v zim\u011b si mohou n\u00e1v\u0161t\u011bvn\u00edci zaplavat v hotelov\u00fdch baz\u00e9nech, zahr\u00e1t tenis v hal\u00e1ch, vyu\u017e\u00edt mo\u017enosti hotelov\u00fdch ku\u017eelen a bowlingu, squashe, stoln\u00edho tenisu i bili\u00e1ru. Krom\u011b disko se po\u0159\u00e1daj\u00ed koncerty, tane\u010dn\u00ed ve\u010dery, filmov\u00e1 p\u0159estaven\u00ed. K dispozici jsou taxi a san\u011b s ko\u0148mi. Autobus ke \u0160pindlerov\u011b boud\u011b u polsk\u00fdch hranic (1200 m n.m) zaji\u0161\u0165uje dopravu denn\u011b. Ve m\u011bst\u011b je mo\u017eno nakoupit b\u011b\u017en\u00e9 spot\u0159ebn\u00ed zbo\u017e\u00ed.<\/em><br><br><em>zdroj: http:\/\/www.krkonose-net.cz\/spindleruv_mlyn\/index_cz.htm<\/em><\/figcaption><\/figure>\n\n\n\n<figure class=\"wp-block-image size-large\"><img loading=\"lazy\" width=\"1024\" height=\"683\" src=\"https:\/\/new.pension-anna.cz\/wp-content\/uploads\/2020\/09\/IMG_8661-1024x683.jpg\" alt=\"\" class=\"wp-image-275\" srcset=\"https:\/\/new.pension-anna.cz\/wp-content\/uploads\/2020\/09\/IMG_8661-1024x683.jpg 1024w, https:\/\/new.pension-anna.cz\/wp-content\/uploads\/2020\/09\/IMG_8661-300x200.jpg 300w, https:\/\/new.pension-anna.cz\/wp-content\/uploads\/2020\/09\/IMG_8661-768x512.jpg 768w, https:\/\/new.pension-anna.cz\/wp-content\/uploads\/2020\/09\/IMG_8661-1536x1024.jpg 1536w, https:\/\/new.pension-anna.cz\/wp-content\/uploads\/2020\/09\/IMG_8661-2048x1365.jpg 2048w\" sizes=\"(max-width: 767px) 89vw, (max-width: 1000px) 54vw, (max-width: 1071px) 543px, 580px\" \/><\/figure>\n\n\n\n<figure class=\"wp-block-image size-large\"><img loading=\"lazy\" width=\"1024\" height=\"683\" src=\"https:\/\/new.pension-anna.cz\/wp-content\/uploads\/2020\/09\/VE0T4935-1024x683.jpg\" alt=\"\" class=\"wp-image-276\" srcset=\"https:\/\/new.pension-anna.cz\/wp-content\/uploads\/2020\/09\/VE0T4935-1024x683.jpg 1024w, https:\/\/new.pension-anna.cz\/wp-content\/uploads\/2020\/09\/VE0T4935-300x200.jpg 300w, https:\/\/new.pension-anna.cz\/wp-content\/uploads\/2020\/09\/VE0T4935-768x512.jpg 768w, https:\/\/new.pension-anna.cz\/wp-content\/uploads\/2020\/09\/VE0T4935-1536x1024.jpg 1536w, https:\/\/new.pension-anna.cz\/wp-content\/uploads\/2020\/09\/VE0T4935-2048x1365.jpg 2048w\" sizes=\"(max-width: 767px) 89vw, (max-width: 1000px) 54vw, (max-width: 1071px) 543px, 580px\" \/><\/figure>\n\n\n\n<figure class=\"wp-block-image size-large\"><img loading=\"lazy\" width=\"1024\" height=\"683\" src=\"https:\/\/new.pension-anna.cz\/wp-content\/uploads\/2020\/09\/VE0T9127-1024x683.jpg\" alt=\"\" class=\"wp-image-277\" srcset=\"https:\/\/new.pension-anna.cz\/wp-content\/uploads\/2020\/09\/VE0T9127-1024x683.jpg 1024w, https:\/\/new.pension-anna.cz\/wp-content\/uploads\/2020\/09\/VE0T9127-300x200.jpg 300w, https:\/\/new.pension-anna.cz\/wp-content\/uploads\/2020\/09\/VE0T9127-768x512.jpg 768w, https:\/\/new.pension-anna.cz\/wp-content\/uploads\/2020\/09\/VE0T9127-1536x1024.jpg 1536w, https:\/\/new.pension-anna.cz\/wp-content\/uploads\/2020\/09\/VE0T9127-2048x1365.jpg 2048w\" sizes=\"(max-width: 767px) 89vw, (max-width: 1000px) 54vw, (max-width: 1071px) 543px, 580px\" \/><\/figure>\n\n\n\n<figure class=\"wp-block-image size-large\"><img loading=\"lazy\" width=\"683\" height=\"1024\" src=\"https:\/\/new.pension-anna.cz\/wp-content\/uploads\/2020\/09\/VE0T9180-683x1024.jpg\" alt=\"\" class=\"wp-image-278\" srcset=\"https:\/\/new.pension-anna.cz\/wp-content\/uploads\/2020\/09\/VE0T9180-683x1024.jpg 683w, https:\/\/new.pension-anna.cz\/wp-content\/uploads\/2020\/09\/VE0T9180-200x300.jpg 200w, https:\/\/new.pension-anna.cz\/wp-content\/uploads\/2020\/09\/VE0T9180-768x1152.jpg 768w, https:\/\/new.pension-anna.cz\/wp-content\/uploads\/2020\/09\/VE0T9180-1024x1536.jpg 1024w, https:\/\/new.pension-anna.cz\/wp-content\/uploads\/2020\/09\/VE0T9180-1365x2048.jpg 1365w, https:\/\/new.pension-anna.cz\/wp-content\/uploads\/2020\/09\/VE0T9180-scaled.jpg 1707w\" sizes=\"(max-width: 683px) 100vw, 683px\" \/><\/figure>\n\n\n\n<p><\/p>\n\n\n\n<figure class=\"wp-block-embed-youtube wp-block-embed is-type-video is-provider-youtube wp-embed-aspect-16-9 wp-has-aspect-ratio\"><div class=\"wp-block-embed__wrapper\">\n<iframe title=\"\u0160pindler\u016fv ml\u00fdn z dronu 2018\" width=\"525\" height=\"295\" src=\"https:\/\/www.youtube.com\/embed\/8oPX1iIycmU?feature=oembed\" frameborder=\"0\" allow=\"accelerometer; autoplay; clipboard-write; encrypted-media; gyroscope; picture-in-picture\" allowfullscreen><\/iframe>\n<\/div><\/figure>\n","protected":false},"excerpt":{"rendered":"<p>&nbsp;\u0160PINDLER\u016eV ML\u00ddN &#8211; PERLA KRKONO\u0160 V L\u00c9T\u011a NAB\u00cdZ\u00cd 180 km turistick\u00fdch cestnau\u010dn\u00e9 stezkylanov\u00e9 dr\u00e1hyv\u00fdlety s pr\u016fvodci10 tenisov\u00fdch kurt\u016fletn\u00ed bobov\u00e1 dr\u00e1hasummertubingjogging, ryba\u0159en\u00ed, mini-golfcykloturistick\u00e9 trasyp\u016fj\u010dovny koljezdeck\u00e1 \u0161kolaparaglidingp\u016fj\u010dovna lod\u011bkko\u010d\u00e1ry s ko\u0148sk\u00fdm sp\u0159e\u017een\u00edmautokarov\u00e9 z\u00e1jezdypromen\u00e1dn\u00ed koncerty, v\u00fdstavyd\u011btsk\u00e1 h\u0159i\u0161t\u011blanov\u00fd parkaquparkbaz\u00e9ny a wellness V ZIM\u011a NAB\u00cdZ\u00cdlanov\u00e9 dr\u00e1hy a 20 vlek\u016fly\u017ea\u0159sk\u00e9 \u0161kolyd\u011btsk\u00e9 ly\u017ea\u0159sk\u00e9 \u0161koli\u010dky25 km sjezdov\u00fdch trat\u00ed70 km b\u011b\u017eeck\u00fdch trat\u00ed130 km h\u0159ebenov\u00fdch cestski-alpinningzimn\u00ed &hellip; <\/p>\n<p class=\"link-more\"><a href=\"https:\/\/new.pension-anna.cz\/index.php\/krkonose-a-okoli\/\" class=\"more-link\">Pokra\u010dovat ve \u010dten\u00ed<span class=\"screen-reader-text\"> &#8222;Krkono\u0161e a okol\u00ed&#8220;<\/span><\/a><\/p>\n","protected":false},"author":1,"featured_media":0,"parent":0,"menu_order":0,"comment_status":"closed","ping_status":"closed","template":"","meta":[],"_links":{"self":[{"href":"https:\/\/new.pension-anna.cz\/index.php\/wp-json\/wp\/v2\/pages\/88"}],"collection":[{"href":"https:\/\/new.pension-anna.cz\/index.php\/wp-json\/wp\/v2\/pages"}],"about":[{"href":"https:\/\/new.pension-anna.cz\/index.php\/wp-json\/wp\/v2\/types\/page"}],"author":[{"embeddable":true,"href":"https:\/\/new.pension-anna.cz\/index.php\/wp-json\/wp\/v2\/users\/1"}],"replies":[{"embeddable":true,"href":"https:\/\/new.pension-anna.cz\/index.php\/wp-json\/wp\/v2\/comments?post=88"}],"version-history":[{"count":7,"href":"https:\/\/new.pension-anna.cz\/index.php\/wp-json\/wp\/v2\/pages\/88\/revisions"}],"predecessor-version":[{"id":307,"href":"https:\/\/new.pension-anna.cz\/index.php\/wp-json\/wp\/v2\/pages\/88\/revisions\/307"}],"wp:attachment":[{"href":"https:\/\/new.pension-anna.cz\/index.php\/wp-json\/wp\/v2\/media?parent=88"}],"curies":[{"name":"wp","href":"https:\/\/api.w.org\/{rel}","templated":true}]}}